{"id":104,"date":"2024-05-27T15:49:01","date_gmt":"2024-05-27T13:49:01","guid":{"rendered":"https:\/\/philgoodnrj.com\/?page_id=104"},"modified":"2025-03-13T17:37:49","modified_gmt":"2025-03-13T16:37:49","slug":"charte-deontologique","status":"publish","type":"page","link":"https:\/\/philgoodnrj.com\/index.php\/charte-deontologique\/","title":{"rendered":"Charte d\u00e9ontologique"},"content":{"rendered":"\n<p>Moniteur de Taichi Chuan dipl\u00f4m\u00e9 par la F\u00e9d\u00e9ration Fran\u00e7aise des Arts \u00c9nerg\u00e9tiques et Martiaux Chinois (FFAEMC) et praticien de Qi Gong.<\/p>\n\n\n\n<p>Certifi\u00e9 Ma\u00eetre Praticien en \u00c9nerg\u00e9tique (Institut Cassiop\u00e9e) et Praticien en massage Chinois (Institut Cassiop\u00e9e).<\/p>\n\n\n\n<p>Certifi\u00e9 en Vibration Tissulaire (Gilles Bonne et Institut Cassiop\u00e9e).<\/p>\n\n\n\n<p>Masseur certifi\u00e9 en massage chinois et praticien en massage bien-\u00eatre, adh\u00e9rent stagiaire \u00e0 la F\u00e9d\u00e9ration Fran\u00e7aise de Massages Bien Etre (FFMBE).<\/p>\n\n\n\n<p><\/p>\n\n\n\n<p><\/p>\n\n\n\n<p><\/p>\n\n\n\n<p>Je propose des soins \u00e9nerg\u00e9tiques, des massages sur table, des s\u00e9ances de techniques manuelles, pour les particuliers, en entreprise ou en \u00e9v\u00e9nementiel.<\/p>\n\n\n\n<p><\/p>\n\n\n\n<p>Statut &#8211; J&rsquo;exerce mon activit\u00e9 d\u2019\u00e9nerg\u00e9ticien et de masseur bien-\u00eatre professionnel en tant qu&rsquo;ind\u00e9pendant au sein de mon entreprise individuelle SIREN 453345761 &#8211; APE 9609Z. Cette activit\u00e9, quel que soit le lieu d&rsquo;exercice, est couverte par une assurance de responsabilit\u00e9 civile professionnelle (contrat en cours).<\/p>\n\n\n\n<p><\/p>\n\n\n\n<p><strong>Public <\/strong>&#8211; Mon offre de prestations me permet de m\u2019adresser \u00e0 tout public*, de m\u2019adapter aux attentes de chaque personne, ainsi qu&rsquo;au budget et au temps dont elle dispose. Je pr\u00e9sente ainsi une large palette de prix (entre 30 \u20ac et 100 \u20ac) et de dur\u00e9es de prestation (entre 20 min et 1 h30). Les rendez-vous peuvent \u00eatre fix\u00e9s en semaine, les mercredis et vendredis, ou bien le week-end, les samedis, entre 9 h et 21 h.<\/p>\n\n\n\n<p><\/p>\n\n\n\n<p><strong>Invitation <\/strong>&#8211; J\u2019invite les gens \u00e0 s\u2019accorder un vrai moment de bien-\u00eatre, d\u00e9connect\u00e9 de l\u2019agitation quotidienne, en respectant les r\u00e8gles de l&rsquo;art du toucher, dans les traditions indiennes ou chinoises. C\u2019est un moment pour soi et un voyage.<\/p>\n\n\n\n<p><strong>Finalit\u00e9 <\/strong>&#8211; Mes prestations ont pour seule vis\u00e9e le bien-\u00eatre de la personne. Elles ne s&rsquo;apparentent en rien, ni dans les contenus ni dans les objectifs, \u00e0 la pratique de la masso-kin\u00e9sith\u00e9rapie ou \u00e0 toute pratique m\u00e9dicale. Elles n&rsquo;ont, en outre, aucun caract\u00e8re sexuel.<\/p>\n\n\n\n<p><strong>\u00c9thique <\/strong>&#8211; \u00catre praticien ind\u00e9pendant, pour moi, c\u2019est faire valoir une conception de mon m\u00e9tier loin de tout formatage, c\u2019est exercer selon mes exigences et une \u00e9thique personnelle.<\/p>\n\n\n\n<p><strong>D\u00e9ontologie <\/strong>&#8211; Je m&rsquo;engage sur sept points :<\/p>\n\n\n\n<p>&#8211; une <strong>information claire<\/strong> sur mon activit\u00e9 et mes prestations, ainsi que sur les indications et contre-indications des diff\u00e9rentes prestations<\/p>\n\n\n\n<p>&#8211; une <strong>ponctualit\u00e9 <\/strong>dans les rendez-vous et un respect des dur\u00e9es des prestations mentionn\u00e9es ;<\/p>\n\n\n\n<p>&#8211; une <strong>hygi\u00e8ne <\/strong>et un <strong>confort <\/strong>assur\u00e9s dans un cadre chaleureux et calme, avec un mat\u00e9riel, des linges et des huiles de belle facture ;<\/p>\n\n\n\n<p>&#8211; une bonne relation bas\u00e9e sur la <strong>confiance <\/strong>et la <strong>bienveillance <\/strong>;<\/p>\n\n\n\n<p>&#8211; une <strong>confidentialit\u00e9 <\/strong>par rapport aux informations que l\u2019on me communique ;<\/p>\n\n\n\n<p>&#8211; des <strong>prestations adapt\u00e9es<\/strong> \u00e0 l&rsquo;\u00e9tat physique ou \u00e9motionnel de la personne, \u00e0 l\u2019\u00e9coute de ses besoins et de sa pudeur ;<\/p>\n\n\n\n<p>&#8211; et, bien s\u00fbr, une <strong>technique professionnelle ma\u00eetris\u00e9e<\/strong>, sensible, de qualit\u00e9.<\/p>\n\n\n\n<p><\/p>\n\n\n\n<p>* A partie de 7ans. Les mineurs doivent \u00eatre accompagn\u00e9s d&rsquo;un parent.<\/p>\n\n\n\n<p><\/p>\n\n\n\n<p><a href=\"http:\/\/www.philgoodnrj.com\">Retour<\/a><\/p>\n","protected":false},"excerpt":{"rendered":"<p>Moniteur de Taichi Chuan dipl\u00f4m\u00e9 par la F\u00e9d\u00e9ration Fran\u00e7aise des Arts \u00c9nerg\u00e9tiques et Martiaux Chinois (FFAEMC) et praticien de Qi Gong. Certifi\u00e9 Ma\u00eetre Praticien en \u00c9nerg\u00e9tique (Institut Cassiop\u00e9e) et Praticien en massage Chinois (Institut Cassiop\u00e9e). Certifi\u00e9 en Vibration Tissulaire (Gilles Bonne et Institut Cassiop\u00e9e). Masseur certifi\u00e9 en massage chinois et praticien en massage bien-\u00eatre, adh\u00e9rent [&hellip;]<\/p>\n","protected":false},"author":1,"featured_media":0,"parent":0,"menu_order":0,"comment_status":"closed","ping_status":"closed","template":"","meta":{"om_disable_all_campaigns":false,"_monsterinsights_skip_tracking":false,"_monsterinsights_sitenote_active":false,"_monsterinsights_sitenote_note":"","_monsterinsights_sitenote_category":0,"_uf_show_specific_survey":0,"_uf_disable_surveys":false,"footnotes":""},"class_list":["post-104","page","type-page","status-publish","hentry"],"aioseo_notices":[],"_links":{"self":[{"href":"https:\/\/philgoodnrj.com\/index.php\/wp-json\/wp\/v2\/pages\/104","targetHints":{"allow":["GET"]}}],"collection":[{"href":"https:\/\/philgoodnrj.com\/index.php\/wp-json\/wp\/v2\/pages"}],"about":[{"href":"https:\/\/philgoodnrj.com\/index.php\/wp-json\/wp\/v2\/types\/page"}],"author":[{"embeddable":true,"href":"https:\/\/philgoodnrj.com\/index.php\/wp-json\/wp\/v2\/users\/1"}],"replies":[{"embeddable":true,"href":"https:\/\/philgoodnrj.com\/index.php\/wp-json\/wp\/v2\/comments?post=104"}],"version-history":[{"count":12,"href":"https:\/\/philgoodnrj.com\/index.php\/wp-json\/wp\/v2\/pages\/104\/revisions"}],"predecessor-version":[{"id":771,"href":"https:\/\/philgoodnrj.com\/index.php\/wp-json\/wp\/v2\/pages\/104\/revisions\/771"}],"wp:attachment":[{"href":"https:\/\/philgoodnrj.com\/index.php\/wp-json\/wp\/v2\/media?parent=104"}],"curies":[{"name":"wp","href":"https:\/\/api.w.org\/{rel}","templated":true}]}}