{"id":138,"date":"2024-05-28T10:03:07","date_gmt":"2024-05-28T08:03:07","guid":{"rendered":"https:\/\/philgoodnrj.com\/?page_id=138"},"modified":"2025-10-06T15:38:50","modified_gmt":"2025-10-06T13:38:50","slug":"massage-chong-mai","status":"publish","type":"page","link":"https:\/\/philgoodnrj.com\/index.php\/massage-chong-mai\/","title":{"rendered":"Massage Chong Mai"},"content":{"rendered":"\n<p><strong><mark style=\"background-color:rgba(0, 0, 0, 0)\" class=\"has-inline-color has-vivid-red-color\">Ce massage est un massage de relance \u00e9nerg\u00e9tique compl\u00e8te du corps et de recentrage<\/mark><\/strong><\/p>\n\n\n\n<p>Le massage de relance \u00e9nerg\u00e9tique est conseill\u00e9 <strong>quand on se sent \u00ab&nbsp;\u00e0 plat&nbsp;\u00bb au niveau physique, mental ou \u00e9motionnel<\/strong>. Un \u00e9tat qui peut r\u00e9sulter d\u2019une suractivit\u00e9, d\u2019un stress intense, d\u2019un \u00e9v\u00e9nement m\u00e9dical, d\u2019un changement de saison ou d\u2019un changement de vie\u2026<\/p>\n\n\n\n<p>Ce massage complet du corps, appel\u00e9 massage \u00ab&nbsp;Chong Mai&nbsp;\u00bb du nom du m\u00e9ridien du m\u00eame nom en m\u00e9decine traditionnelle chinoise, comprend des actions par acupressions (pressions avec les doigts sur des points sp\u00e9cifiques d\u2019acupuncture), des frictions ainsi qu\u2019un travail au cristal de roche (pour les points en profondeur difficilement atteignables avec les doigts).<\/p>\n\n\n\n<p><strong><mark style=\"background-color:rgba(0, 0, 0, 0)\" class=\"has-inline-color has-vivid-red-color\">Ce massage est particuli\u00e8rement conseill\u00e9 aux couples entr\u00e9s dans un protocole de PMA<\/mark><\/strong>, mais \u00e9galement suite \u00e0 un <strong>choc \u00e9motionnel<\/strong>, \u00e0 un <strong>accouchement <\/strong>(3 mois apr\u00e8s environ), \u00e0 une <strong>convalescence, <\/strong>en cas de <strong>probl\u00e8me de libido, <\/strong>de <strong>probl\u00e8mes de<\/strong> <strong>r\u00e8gles <\/strong>ou au moment d&rsquo;une <strong>prise de d\u00e9cision<\/strong>, d&rsquo;un <strong>examen <\/strong>ou d&rsquo;une <strong>\u00e9preuve<\/strong>.<\/p>\n\n\n\n<p><\/p>\n\n\n\n<p>C\u2019est un massage qui s\u2019effectue id\u00e9alement sur 3 s\u00e9ances cons\u00e9cutives espac\u00e9es de 1 \u00e0 3 semaines maximum. <\/p>\n\n\n\n<p><\/p>\n\n\n\n<p><strong><u><a href=\"https:\/\/philgoodnrj.com\/index.php\/massage-chong-mai-plus-dinformation\/\" data-type=\"page\" data-id=\"192\">Plus d\u2019information<\/a><\/u><\/strong>&nbsp;<\/p>\n\n\n\n<p><\/p>\n\n\n\n<p><strong>Pour r\u00e9server<\/strong> : <\/p>\n\n\n\n<div\n                    class=\"cfixe-booking-widget\"\n                    data-slug=\"phil-good-nrj\"\n                    data-color=\"d43016\"\n                    data-params='{\"pa\":[29631]}'\n                >\n                    <a href=\"https:\/\/cfixe.com\/book\/phil-good-nrj?c=d43016&#038;pa=%5B29631%5D\" target=\"_blank\">\n                            Prenez rendez-vous directement sur ma page Cfix\u00e9\n                            \n                          <\/a>              \n                <\/div>\n            <script src=\"https:\/\/cfixe.com\/js\/widget.js\" type=\"text\/javascript\"><\/script>\n\n\n\n<p><strong>En cure de 3 s\u00e9ances espac\u00e9es de 10 \u00e0 15 jours maximum : <\/strong><\/p>\n\n\n\n<p><\/p>\n\n\n\n<p><\/p>\n\n\n\n<p><a href=\"https:\/\/philgoodnrj.com\/index.php\/energie-equilibre-bien-etre\/massages-bien-etre-energisants\/\" data-type=\"page\" data-id=\"24\">Retour<\/a><\/p>\n\n\n\n<p><\/p>\n","protected":false},"excerpt":{"rendered":"<p>Ce massage est un massage de relance \u00e9nerg\u00e9tique compl\u00e8te du corps et de recentrage Le massage de relance \u00e9nerg\u00e9tique est conseill\u00e9 quand on se sent \u00ab&nbsp;\u00e0 plat&nbsp;\u00bb au niveau physique, mental ou \u00e9motionnel. Un \u00e9tat qui peut r\u00e9sulter d\u2019une suractivit\u00e9, d\u2019un stress intense, d\u2019un \u00e9v\u00e9nement m\u00e9dical, d\u2019un changement de saison ou d\u2019un changement de vie\u2026 [&hellip;]<\/p>\n","protected":false},"author":1,"featured_media":0,"parent":0,"menu_order":0,"comment_status":"closed","ping_status":"closed","template":"","meta":{"om_disable_all_campaigns":false,"_monsterinsights_skip_tracking":false,"_monsterinsights_sitenote_active":false,"_monsterinsights_sitenote_note":"","_monsterinsights_sitenote_category":0,"_uf_show_specific_survey":0,"_uf_disable_surveys":false,"footnotes":""},"class_list":["post-138","page","type-page","status-publish","hentry"],"aioseo_notices":[],"_links":{"self":[{"href":"https:\/\/philgoodnrj.com\/index.php\/wp-json\/wp\/v2\/pages\/138","targetHints":{"allow":["GET"]}}],"collection":[{"href":"https:\/\/philgoodnrj.com\/index.php\/wp-json\/wp\/v2\/pages"}],"about":[{"href":"https:\/\/philgoodnrj.com\/index.php\/wp-json\/wp\/v2\/types\/page"}],"author":[{"embeddable":true,"href":"https:\/\/philgoodnrj.com\/index.php\/wp-json\/wp\/v2\/users\/1"}],"replies":[{"embeddable":true,"href":"https:\/\/philgoodnrj.com\/index.php\/wp-json\/wp\/v2\/comments?post=138"}],"version-history":[{"count":18,"href":"https:\/\/philgoodnrj.com\/index.php\/wp-json\/wp\/v2\/pages\/138\/revisions"}],"predecessor-version":[{"id":959,"href":"https:\/\/philgoodnrj.com\/index.php\/wp-json\/wp\/v2\/pages\/138\/revisions\/959"}],"wp:attachment":[{"href":"https:\/\/philgoodnrj.com\/index.php\/wp-json\/wp\/v2\/media?parent=138"}],"curies":[{"name":"wp","href":"https:\/\/api.w.org\/{rel}","templated":true}]}}