{"id":24,"date":"2024-04-07T12:04:26","date_gmt":"2024-04-07T10:04:26","guid":{"rendered":"https:\/\/philgoodnrj.com\/?page_id=24"},"modified":"2026-01-26T15:59:30","modified_gmt":"2026-01-26T14:59:30","slug":"massages-bien-etre-energisants","status":"publish","type":"page","link":"https:\/\/philgoodnrj.com\/index.php\/energie-equilibre-bien-etre\/massages-bien-etre-energisants\/","title":{"rendered":"Massages bien-\u00eatre et massage \u00e9nergisants"},"content":{"rendered":"\n<p>Je vous propose plusieurs types de massages: des massages bien-\u00eatre et d&rsquo;autres bas\u00e9s sur l\u2019\u00e9nerg\u00e9tique traditionnelle chinoise ou sur la tradition ayurv\u00e9dique indo-tib\u00e9taine. <\/p>\n\n\n\n<p><\/p>\n\n\n\n<p>Les massages de tradition asiatique s\u2019appuient sur les trajets des canaux d&rsquo;\u00e9nergie qui traversent le corps (m\u00e9ridiens) et utilisent plusieurs points d\u2019acupression. Ils sont r\u00e9alis\u00e9s \u00e0 mains nues, avec un gant, avec une pierre de guasha et au cristal de roche, avec huile ou sans huile.<\/p>\n\n\n\n<p><\/p>\n\n\n\n<p>Voici la liste des massages actuellement propos\u00e9s &#8211; en cliquant dessus vous pourrez trouver une description plus compl\u00e8te :<\/p>\n\n\n\n<p><\/p>\n\n\n\n<div class=\"wp-block-group\"><div class=\"wp-block-group__inner-container is-layout-constrained wp-block-group-is-layout-constrained\">\n<ul class=\"wp-block-list\">\n<li><a href=\"https:\/\/philgoodnrj.com\/index.php\/massage-californien\/\" title=\"\">massage calfornien<\/a><\/li>\n\n\n\n<li>massage balinais<\/li>\n\n\n\n<li>massage tha\u00ef \u00e0 l&rsquo;huile<\/li>\n\n\n\n<li>massages ayurv\u00e9diques : massage abhyanga (corps complet) ou massage shirotchampi (haut du corps et cr\u00e2ne)<\/li>\n\n\n\n<li>massages chinois : <a data-type=\"page\" data-id=\"138\" href=\"https:\/\/philgoodnrj.com\/index.php\/massage-chong-mai\/\"><strong>massage complet de relance compl\u00e8te de l&rsquo;\u00e9nergie<\/strong><\/a>, qui se pratique sur tout le corps id\u00e9alement en 3 s\u00e9ances cons\u00e9cutives expac\u00e9es de 1 semaine minimum \u00e0 3 semaines maximum, un<a href=\"https:\/\/philgoodnrj.com\/wp-admin\/post.php?post=139&amp;action=edit\" title=\"\"> <strong>massage jambes toniques dynamisant<\/strong><\/a>, qui se pratique uniquement sur le bas du corps, ponctuellement ou p\u00e9riodiquement ou <a data-type=\"page\" data-id=\"140\" href=\"https:\/\/philgoodnrj.com\/index.php\/massage-du-dos\/\"><strong>massage tonique du dos<\/strong><\/a> pour soulager les douleurs cervicales, dorsales et lombaires. Ces deux derniers massages peuvent \u00eatre coupl\u00e9s dans une s\u00e9ance d&rsquo;une heure pour une dynamisation et une relaxation compl\u00e8te.<\/li>\n<\/ul>\n<\/div><\/div>\n\n\n\n<p><\/p>\n\n\n\n<p><strong>Avertissement<\/strong>&nbsp;:&nbsp;<strong>Mes prestations ont pour seule vis\u00e9e le bien-\u00eatre de la personne<\/strong>.&nbsp;<strong>Elles ne s\u2019apparentent en rien, ni dans les contenus ni dans les objectifs, \u00e0 la pratique de la masso-kin\u00e9sith\u00e9rapie ou \u00e0 une quelconque pratique m\u00e9dicale.<\/strong><\/p>\n\n\n\n<p>\u2014\u2014\u2014\u2014\u2014<\/p>\n\n\n\n<p><strong>Huiles de massage<\/strong><\/p>\n\n\n\n<p>Les huiles de massage sont importantes car elle doivent \u00eatre en accord avec l&rsquo;esprit qui gouverne la pratique.<\/p>\n\n\n\n<p>Form\u00e9 \u00e0 l\u2019aromath\u00e9rapie et l\u2019utilisation des huiles v\u00e9g\u00e9tales, <strong>je n\u2019utilise que des huiles bio, vierges, premi\u00e8re pression \u00e0 froid<\/strong>.<\/p>\n\n\n\n<p>Sur cette base d\u2019huiles nourrissantes et r\u00e9paratrices, j\u2019y ajoute des huiles essentielles bio en fonction de l\u2019objectif souhait\u00e9 :<\/p>\n\n\n\n<ul class=\"wp-block-list\">\n<li>Un massage apaisant, relaxant<\/li>\n\n\n\n<li>Un massage plus tonifiant<\/li>\n\n\n\n<li>Un massage anti-douleurs pour certaines zones cibl\u00e9es<\/li>\n<\/ul>\n\n\n\n<p>Les huiles v\u00e9g\u00e9tales comme les huiles essentielles sont issues de laboratoires fran\u00e7ais.<\/p>\n\n\n\n<p><\/p>\n\n\n\n<p><a href=\"https:\/\/philgoodnrj.com\/index.php\/soins-proposes\/\" data-type=\"page\" data-id=\"62\">Retour<\/a><\/p>\n\n\n\n<p><\/p>\n","protected":false},"excerpt":{"rendered":"<p>Je vous propose plusieurs types de massages: des massages bien-\u00eatre et d&rsquo;autres bas\u00e9s sur l\u2019\u00e9nerg\u00e9tique traditionnelle chinoise ou sur la tradition ayurv\u00e9dique indo-tib\u00e9taine. Les massages de tradition asiatique s\u2019appuient sur les trajets des canaux d&rsquo;\u00e9nergie qui traversent le corps (m\u00e9ridiens) et utilisent plusieurs points d\u2019acupression. Ils sont r\u00e9alis\u00e9s \u00e0 mains nues, avec un gant, avec [&hellip;]<\/p>\n","protected":false},"author":1,"featured_media":0,"parent":7,"menu_order":0,"comment_status":"closed","ping_status":"closed","template":"","meta":{"om_disable_all_campaigns":false,"_monsterinsights_skip_tracking":false,"_monsterinsights_sitenote_active":false,"_monsterinsights_sitenote_note":"","_monsterinsights_sitenote_category":0,"_uf_show_specific_survey":0,"_uf_disable_surveys":false,"footnotes":""},"class_list":["post-24","page","type-page","status-publish","hentry"],"aioseo_notices":[],"_links":{"self":[{"href":"https:\/\/philgoodnrj.com\/index.php\/wp-json\/wp\/v2\/pages\/24","targetHints":{"allow":["GET"]}}],"collection":[{"href":"https:\/\/philgoodnrj.com\/index.php\/wp-json\/wp\/v2\/pages"}],"about":[{"href":"https:\/\/philgoodnrj.com\/index.php\/wp-json\/wp\/v2\/types\/page"}],"author":[{"embeddable":true,"href":"https:\/\/philgoodnrj.com\/index.php\/wp-json\/wp\/v2\/users\/1"}],"replies":[{"embeddable":true,"href":"https:\/\/philgoodnrj.com\/index.php\/wp-json\/wp\/v2\/comments?post=24"}],"version-history":[{"count":20,"href":"https:\/\/philgoodnrj.com\/index.php\/wp-json\/wp\/v2\/pages\/24\/revisions"}],"predecessor-version":[{"id":996,"href":"https:\/\/philgoodnrj.com\/index.php\/wp-json\/wp\/v2\/pages\/24\/revisions\/996"}],"up":[{"embeddable":true,"href":"https:\/\/philgoodnrj.com\/index.php\/wp-json\/wp\/v2\/pages\/7"}],"wp:attachment":[{"href":"https:\/\/philgoodnrj.com\/index.php\/wp-json\/wp\/v2\/media?parent=24"}],"curies":[{"name":"wp","href":"https:\/\/api.w.org\/{rel}","templated":true}]}}