{"id":296,"date":"2024-06-04T18:17:36","date_gmt":"2024-06-04T16:17:36","guid":{"rendered":"https:\/\/philgoodnrj.com\/?page_id=296"},"modified":"2025-03-28T11:24:18","modified_gmt":"2025-03-28T10:24:18","slug":"ateliers-massage-energisants","status":"publish","type":"page","link":"https:\/\/philgoodnrj.com\/index.php\/ateliers-massage-energisants\/","title":{"rendered":"Ateliers massages \u00e9nergisants"},"content":{"rendered":"\n<h1 class=\"wp-block-heading\"><\/h1>\n\n\n\n<p><\/p>\n\n\n\n<p>Ces ateliers permettent aux personnes qui en b\u00e9n\u00e9ficient de recevoir un massage bien-\u00eatre \u00e9nergisant. <\/p>\n\n\n\n<p>Ce dernier ne s\u2019effectue que sur les jambes et les pieds. Il permet de relancer l\u2019\u00e9nergie dans le corps et de diminuer la sensation de \u00ab\u00a0jambes lourdes\u00a0\u00bb.<\/p>\n\n\n\n<p><strong><u><a href=\"https:\/\/philgoodnrj.com\/index.php\/massage-de-relance-denergie-plus-dinformation\/\">Plus d\u2019information sur ce massage<\/a><\/u><\/strong><\/p>\n\n\n\n<p><\/p>\n\n\n\n<p><\/p>\n\n\n\n<p>Dur\u00e9e : Par demies-journ\u00e9es de 3h30 pouvant accueillir au maximum 5 personnes : rotations de 40 minutes (30 minutes par personn\u00e9 mass\u00e9e et 10 minutes entre chaque personne le temps de se rhabiller et de changer les serviettes).<\/p>\n\n\n\n<p><\/p>\n\n\n\n<p>Je fournis le mat\u00e9riel (table de massage, huiles de massage, serviettes pour chaque personne mass\u00e9e). <\/p>\n\n\n\n<p>L&rsquo;entreprise doit pouvoir me mettre \u00e0 disposition une pi\u00e8ce calme et pouvant offrir suffisamment d&rsquo;intimit\u00e9 pour les personnes mass\u00e9es.<\/p>\n\n\n\n<p><\/p>\n\n\n\n<p>Pour plus d&rsquo;information sur ces ateliers n&rsquo;h\u00e9sitez pas \u00e0 <a href=\"https:\/\/philgoodnrj.com\/index.php\/prendre-rendez-vous\/\" data-type=\"page\" data-id=\"65\">me contacter.<\/a><\/p>\n\n\n\n<p><\/p>\n\n\n\n<p>.<a href=\"https:\/\/philgoodnrj.com\/index.php\/energie-equilibre-bien-etre\/massages-bien-etre-energisants\/\">Retour<\/a><\/p>\n","protected":false},"excerpt":{"rendered":"<p>Ces ateliers permettent aux personnes qui en b\u00e9n\u00e9ficient de recevoir un massage bien-\u00eatre \u00e9nergisant. Ce dernier ne s\u2019effectue que sur les jambes et les pieds. Il permet de relancer l\u2019\u00e9nergie dans le corps et de diminuer la sensation de \u00ab\u00a0jambes lourdes\u00a0\u00bb. Plus d\u2019information sur ce massage Dur\u00e9e : Par demies-journ\u00e9es de 3h30 pouvant accueillir au [&hellip;]<\/p>\n","protected":false},"author":1,"featured_media":0,"parent":0,"menu_order":0,"comment_status":"closed","ping_status":"closed","template":"","meta":{"om_disable_all_campaigns":false,"_monsterinsights_skip_tracking":false,"_monsterinsights_sitenote_active":false,"_monsterinsights_sitenote_note":"","_monsterinsights_sitenote_category":0,"_uf_show_specific_survey":0,"_uf_disable_surveys":false,"footnotes":""},"class_list":["post-296","page","type-page","status-publish","hentry"],"aioseo_notices":[],"_links":{"self":[{"href":"https:\/\/philgoodnrj.com\/index.php\/wp-json\/wp\/v2\/pages\/296","targetHints":{"allow":["GET"]}}],"collection":[{"href":"https:\/\/philgoodnrj.com\/index.php\/wp-json\/wp\/v2\/pages"}],"about":[{"href":"https:\/\/philgoodnrj.com\/index.php\/wp-json\/wp\/v2\/types\/page"}],"author":[{"embeddable":true,"href":"https:\/\/philgoodnrj.com\/index.php\/wp-json\/wp\/v2\/users\/1"}],"replies":[{"embeddable":true,"href":"https:\/\/philgoodnrj.com\/index.php\/wp-json\/wp\/v2\/comments?post=296"}],"version-history":[{"count":3,"href":"https:\/\/philgoodnrj.com\/index.php\/wp-json\/wp\/v2\/pages\/296\/revisions"}],"predecessor-version":[{"id":895,"href":"https:\/\/philgoodnrj.com\/index.php\/wp-json\/wp\/v2\/pages\/296\/revisions\/895"}],"wp:attachment":[{"href":"https:\/\/philgoodnrj.com\/index.php\/wp-json\/wp\/v2\/media?parent=296"}],"curies":[{"name":"wp","href":"https:\/\/api.w.org\/{rel}","templated":true}]}}