{"id":438,"date":"2025-03-13T17:32:26","date_gmt":"2025-03-13T16:32:26","guid":{"rendered":"https:\/\/philgoodnrj.com\/?page_id=438"},"modified":"2025-03-13T17:32:27","modified_gmt":"2025-03-13T16:32:27","slug":"les-plaques-tesla-kesako","status":"publish","type":"page","link":"https:\/\/philgoodnrj.com\/index.php\/les-plaques-tesla-kesako\/","title":{"rendered":"Les plaques Tesla: K\u00e9sako ?"},"content":{"rendered":"\n<p><\/p>\n\n\n\n<p>Il existe sur terre de nombreuses&nbsp;<strong>sources d\u2019\u00e9nergies naturelles<\/strong>&nbsp;capables d\u2019<strong>am\u00e9liorer notre bien-\u00eatre.<\/strong>&nbsp;<\/p>\n\n\n\n<p><\/p>\n\n\n\n<p>Vous avez peut-\u00eatre d\u00e9j\u00e0 exp\u00e9riment\u00e9 les bienfaits d&rsquo;un bain de soleil, d&rsquo;un bain d\u2019algues, d&rsquo;une cure thermale avec des eaux naturelles, d&rsquo;une promenade en for\u00eat au milieu des arbres, le long d\u2019une rivi\u00e8re, pr\u00e8s des menhirs et dolmens, etc&#8230; <\/p>\n\n\n\n<p><\/p>\n\n\n\n<p>Imaginez b\u00e9n\u00e9ficier chaque jour d\u2019un&nbsp;<strong>catalyseur de l\u2019\u00e9nergie universelle<\/strong>&nbsp;?<\/p>\n\n\n\n<p><\/p>\n\n\n\n<p>Depuis tous temps, nous connaissons les vertus des&nbsp;<strong>soins \u00e9nerg\u00e9tiques<\/strong>&nbsp;procur\u00e9s par les&nbsp;<strong>pierres et cristaux<\/strong>&nbsp;(que l\u2019on appelle la  Lithoth\u00e9rapie). Ces pierres et cristaux, \u00e0 la fois \u00e9metteurs et r\u00e9cepteurs d\u2019\u00e9nergie, sont utilis\u00e9es pour&nbsp;<strong>prot\u00e9ger, calmer, harmoniser, voire participer au processus d&rsquo;auto-gu\u00e9rison du corps<\/strong>.<\/p>\n\n\n\n<p><\/p>\n\n\n\n<p><strong><a href=\"https:\/\/fr.wikipedia.org\/wiki\/Nikola_Tesla\" data-type=\"link\" data-id=\"https:\/\/fr.wikipedia.org\/wiki\/Nikola_Tesla\">Nikola Tesla<\/a><\/strong> a \u00e9t\u00e9 consid\u00e9r\u00e9 comme un g\u00e9nie dans le domaine de l\u2019\u00e9nergie et du magn\u00e9tisme et principalement connu pour ses inventions c\u00e9l\u00e8bres comme la radio (1898) ou le radar (1900) pour ne citer que celles-ci.<\/p>\n\n\n\n<p><\/p>\n\n\n\n<p>Mais, Tesla ne travaillait pas uniquement sur le courant \u00e9lectrique \u2013 il s\u2018est \u00e9galement consacr\u00e9 aux diff\u00e9rentes formes d\u2019\u00e9nergie qui, encore aujourd\u2019hui, sont trop abstraites. Sa vue \u00e9tait r\u00e9solument avant-gardiste dans le domaine des formes d\u2019\u00e9nergies libres, ainsi connues sous diff\u00e9rents noms comme \u00abchi\u00bb, \u00abprana\u00bb ou simplement \u00abl\u2019\u00e9nergie vitale\u00bb: Nikola Tesla expliquait que ces \u00e9nergies \u00e9taient complexement li\u00e9e aux ions n\u00e9gatifs, en parlant d&rsquo;ions vibrants avec l&rsquo;\u00e9nergie libre.<\/p>\n\n\n\n<p><\/p>\n\n\n\n<p>C\u2019est en se basant sur les vertus ancestrales de&nbsp;<strong>l\u2019\u00e9nergie universelle<\/strong> que l\u2019inventeur Nikola Tesla a cr\u00e9\u00e9 une \u00ab&nbsp;<strong><mark style=\"background-color:rgba(0, 0, 0, 0)\" class=\"has-inline-color has-vivid-red-color\">plaque d\u2019\u00e9nergie libre<\/mark><\/strong>&nbsp;\u00bb en 1901, une plaque qui<strong>&nbsp;\u00e9l\u00e8ve l\u2019\u00e9tat vibratoire de l\u2019\u00e9nergie des esp\u00e8ces vivantes&nbsp;<\/strong>qu\u2019elle c\u00f4toie gr\u00e2ce \u00e0 la modification de sa structure mol\u00e9culaire. (Br\u00e8ve parenth\u00e8se pour les d\u00e9tracteurs : cette \u00ab\u00a0\u00e9nergie libre\u00a0\u00bb n&rsquo;est aucunement une \u00e9nergie de grande puissance en termes de Watts, mais une \u00e9nergie plus subtile, produite sans contradiction avec les principes actuels connus de la thermodynamique).<\/p>\n\n\n\n<p><\/p>\n\n\n\n<p>Prot\u00e9g\u00e9e par un Brevet d\u2019invention, la carte \u00e0 ions n\u00e9gatifs a \u00e9t\u00e9 \u00e9tudi\u00e9e depuis, par des scientifiques am\u00e9ricains, russes ou encore europ\u00e9ens, afin d\u2019en comprendre les sp\u00e9cificit\u00e9s et exploiter son potentiel.<\/p>\n\n\n\n<p><\/p>\n\n\n\n<p>Le fonctionnement de la&nbsp;<strong>plaque Tesla repose sur l&rsquo;anodisation de l&rsquo;aluminium<\/strong>, modifiant ainsi sa structure mol\u00e9culaire pour cr\u00e9er une surface microcristalline en r\u00e9sonance avec l&rsquo;<strong>\u00e9nergie vitale<\/strong>.<\/p>\n\n\n\n<p>En langage plus scientifique, le focntionnement de la plaque est bas\u00e9e sur \u00ab\u00a0<em>la&nbsp;<strong>modification de la structure mol\u00e9culaire de l\u2019aluminium<\/strong>&nbsp;obtenu par le processus de l\u2019anodisation. Les rotations des atomes et des \u00e9lectrons de l\u2019aluminium s\u2019en trouvent modifi\u00e9es. La plaque agit alors comme un transmetteur de l\u2019\u00e9nergie des ions n\u00e9gatifs, dont les bienfaits sur la sant\u00e9 sont d\u00e9j\u00e0 bien connus<\/em>\u00a0\u00bb . <\/p>\n\n\n\n<p>La plaque agit ainsi comme une antenne, transmettant \u00e0 l&rsquo;aura humaine, selon un prinicpe de r\u00e9sonance, des informations du champ de Schumann (champ magn\u00e9tique pr\u00e9sent entre la Terre et la ionosph\u00e8re, sujet sur lequel Tesla a longuement travaill\u00e9).<\/p>\n\n\n\n<p><\/p>\n\n\n\n<p><mark style=\"background-color:rgba(0, 0, 0, 0)\" class=\"has-inline-color has-vivid-red-color\">La plaque Tesla sert ainsi \u00e0 dynamiser l&rsquo;\u00e9nergie vitale de la personne qui la porte, des aliments ou des boissons qui sont pos\u00e9s dessus. <\/mark><\/p>\n\n\n\n<p><\/p>\n\n\n\n<p><strong>Je ne vous demande pas de me croire sur parole, mais je vous invite \u00e0 tester<\/strong> l&rsquo;effet sur de l&rsquo;eau en prenant 2 carafes d&rsquo;eau en verre strictement identiques et en en pla\u00e7ant une seule sur la plaque une petite heure : go\u00fbtez l&rsquo;eau de chaque carafe (\u00e0 l&rsquo;aveugle de pr\u00e9f\u00e9rence afin de ne pas influencer voter jugement) et comparez le go\u00fbt de l&rsquo;eau de la carafe \u00ab\u00a0t\u00e9moin\u00a0\u00bb et celle dynamis\u00e9e par la plaque&#8230; Vous verrez : c&rsquo;est surprenant! Vous pouvez \u00e9galement placer la plaque dans votre r\u00e9frig\u00e9rateur pour contribuer \u00e0 la dynamisation de vos aliments et boissons.<\/p>\n\n\n\n<p><\/p>\n\n\n\n<p><\/p>\n\n\n\n<h3 class=\"wp-block-heading\" id=\"preuves-scientifiques\">Preuves scientifiques<\/h3>\n\n\n\n<p>Plusieurs \u00e9tudes et exp\u00e9rimentations scientifiques ont permis au moyen d\u2019appareils de mesure sophistiqu\u00e9s, telles que les&nbsp;<strong>photographies Kirlian<\/strong>, de d\u00e9montrer l\u2019effet du champ harmonisant d\u00e9gag\u00e9 par la plaque d\u2019\u00e9nergie et la modification sur plusieurs jours de l\u2019aura.<\/p>\n\n\n\n<p><\/p>\n\n\n\n<p>Il existe bien d\u2019autres preuves scientifiques, dont les r\u00e9sultats sont accessibles sur le web.<\/p>\n\n\n\n<p><\/p>\n\n\n\n<h3 class=\"wp-block-heading\" id=\"pourquoi-la-couleur-pourpre\">Pourquoi la couleur pourpre ?<\/h3>\n\n\n\n<p>La couleur pourpre  de la plaque n\u2019a pas \u00e9t\u00e9 choisie par hasard. Elle correspond au&nbsp;<strong>Chakra coronal<\/strong>&nbsp;situ\u00e9 au sommet du cr\u00e2ne. Le terme chakras d\u00e9signe dans la traiditon indo-tib\u00e9taine les \u00ab&nbsp;centres de force \u00bb ou \u00ab&nbsp;points de jonction de canaux d\u2019\u00e9nergie&nbsp;\u00bb. On retrouve ce concept notamment dans la&nbsp;<strong>pratique du Yoga<\/strong>&nbsp;et de la m\u00e9ditation.<\/p>\n\n\n\n<p>Cette couleur d\u00e9noue les blocages et favorise le processus de retour \u00e0 une pleine harmonie en contribuant au r\u00e9\u00e9quilibrage \u00e9nerg\u00e9tique et vibratoire.<\/p>\n\n\n\n<p><\/p>\n\n\n\n<h3 class=\"wp-block-heading\" id=\"quelle-est-sa-duree-de-fonctionnement\">Quelle est sa dur\u00e9e de fonctionnement ?<\/h3>\n\n\n\n<p>La plaque d\u2019\u00e9nergie pourpre a une&nbsp;<strong>dur\u00e9e de vie illimit\u00e9e<\/strong>&nbsp;dans le temps, d\u00e8s lors que l\u2019on ne la pose pas sur une source d\u2019ondes \u00e9lectromagn\u00e9tiques de type t\u00e9l\u00e9phone portable, ordinateur, box wifi ou \u00e0 un aimant, qui viendrait perturber sa fr\u00e9quence vibratoire.&nbsp;<\/p>\n\n\n\n<p><\/p>\n\n\n\n<p>Mais pour paraphraser le docteur Edward Bach : \u00ab\u00a0<em>Je ne vous demande pas de me croire, exp\u00e9rimentez par vous-m\u00eame et vous verrez<\/em>\u00ab\u00a0.<\/p>\n\n\n\n<p><\/p>\n\n\n\n<p><\/p>\n\n\n\n<p><strong>Bibliographie et R\u00e9f\u00e9rences<\/strong><\/p>\n\n\n\n<p><a href=\"https:\/\/plaquestesla.fr\/\">www.plaquestesla.fr<\/a><\/p>\n\n\n\n<p><a href=\"https:\/\/fr.wikipedia.org\/wiki\/R%C3%A9sonances_de_Schumann\">Ondes de Schumann<\/a><\/p>\n\n\n\n<p><em>Les bienfaits des pierres de soin<\/em>, Editions Larousse<\/p>\n\n\n\n<p><\/p>\n\n\n\n<p><\/p>\n\n\n\n<p><strong>Note <\/strong>: <em>si la Plaque Tesla peut contribuer \u00e0 apporter un support \u00e9nerg\u00e9tique dans le cadre d\u2019un traitement m\u00e9dical, il ne faut jamais arr\u00eater ou suspendre un traitement en cours. Son usage ne saurait se substituer \u00e0 la consultation d\u2019un praticien de sant\u00e9 et ne remplace en aucun cas un traitement m\u00e9dical conseill\u00e9 et prescrit par ce dernier.<\/em><\/p>\n\n\n\n<p><\/p>\n","protected":false},"excerpt":{"rendered":"<p>Il existe sur terre de nombreuses&nbsp;sources d\u2019\u00e9nergies naturelles&nbsp;capables d\u2019am\u00e9liorer notre bien-\u00eatre.&nbsp; Vous avez peut-\u00eatre d\u00e9j\u00e0 exp\u00e9riment\u00e9 les bienfaits d&rsquo;un bain de soleil, d&rsquo;un bain d\u2019algues, d&rsquo;une cure thermale avec des eaux naturelles, d&rsquo;une promenade en for\u00eat au milieu des arbres, le long d\u2019une rivi\u00e8re, pr\u00e8s des menhirs et dolmens, etc&#8230; Imaginez b\u00e9n\u00e9ficier chaque jour d\u2019un&nbsp;catalyseur [&hellip;]<\/p>\n","protected":false},"author":1,"featured_media":0,"parent":0,"menu_order":0,"comment_status":"closed","ping_status":"closed","template":"","meta":{"om_disable_all_campaigns":false,"_monsterinsights_skip_tracking":false,"_monsterinsights_sitenote_active":false,"_monsterinsights_sitenote_note":"","_monsterinsights_sitenote_category":0,"_uf_show_specific_survey":0,"_uf_disable_surveys":false,"footnotes":""},"class_list":["post-438","page","type-page","status-publish","hentry"],"aioseo_notices":[],"_links":{"self":[{"href":"https:\/\/philgoodnrj.com\/index.php\/wp-json\/wp\/v2\/pages\/438","targetHints":{"allow":["GET"]}}],"collection":[{"href":"https:\/\/philgoodnrj.com\/index.php\/wp-json\/wp\/v2\/pages"}],"about":[{"href":"https:\/\/philgoodnrj.com\/index.php\/wp-json\/wp\/v2\/types\/page"}],"author":[{"embeddable":true,"href":"https:\/\/philgoodnrj.com\/index.php\/wp-json\/wp\/v2\/users\/1"}],"replies":[{"embeddable":true,"href":"https:\/\/philgoodnrj.com\/index.php\/wp-json\/wp\/v2\/comments?post=438"}],"version-history":[{"count":7,"href":"https:\/\/philgoodnrj.com\/index.php\/wp-json\/wp\/v2\/pages\/438\/revisions"}],"predecessor-version":[{"id":868,"href":"https:\/\/philgoodnrj.com\/index.php\/wp-json\/wp\/v2\/pages\/438\/revisions\/868"}],"wp:attachment":[{"href":"https:\/\/philgoodnrj.com\/index.php\/wp-json\/wp\/v2\/media?parent=438"}],"curies":[{"name":"wp","href":"https:\/\/api.w.org\/{rel}","templated":true}]}}