{"id":491,"date":"2024-12-13T10:43:14","date_gmt":"2024-12-13T09:43:14","guid":{"rendered":"https:\/\/philgoodnrj.com\/?page_id=491"},"modified":"2025-03-12T10:45:16","modified_gmt":"2025-03-12T09:45:16","slug":"accompagnement-de-la-douleur","status":"publish","type":"page","link":"https:\/\/philgoodnrj.com\/index.php\/accompagnement-de-la-douleur\/","title":{"rendered":"Br\u00fblures, traumatismes, douleurs"},"content":{"rendered":"\n<p>Que votre douleur soit cons\u00e9cutive \u00e0 un traumatisme (ex: entorse de la cheville), \u00e0 un accident domestique (ex: br\u00fblure), \u00e0 un traitement (ex: radioth\u00e9rapie), \u00e0 un virus (ex: zona) ou bien qu&rsquo;elle soit chronique, je peux vous accompagner dans la gestion de cette douleur.<\/p>\n\n\n\n<p>Voici quelques exemples de cas de clients que j&rsquo;ai pu accompagner : <\/p>\n\n\n\n<p><\/p>\n\n\n\n<p><strong><mark style=\"background-color:rgba(0, 0, 0, 0)\" class=\"has-inline-color has-vivid-red-color\"><a href=\"https:\/\/philgoodnrj.com\/index.php\/douleurs-liees-a-une-brulure-feu-radiotherapie\/\" data-type=\"page\" data-id=\"534\">Douleurs li\u00e9es \u00e0 une br\u00fblure (feu, radioth\u00e9rapie)<\/a><\/mark><\/strong><\/p>\n\n\n\n<p><\/p>\n\n\n\n<p><\/p>\n\n\n\n<p><\/p>\n\n\n\n<p><strong><mark style=\"background-color:rgba(0, 0, 0, 0)\" class=\"has-inline-color has-vivid-red-color\"><a href=\"https:\/\/philgoodnrj.com\/index.php\/douleurs-consecutives-a-un-zona\/\" data-type=\"page\" data-id=\"537\">Douleurs cons\u00e9cutives \u00e0 un zona<\/a><\/mark><\/strong><\/p>\n\n\n\n<p><\/p>\n\n\n\n<p><\/p>\n\n\n\n<p><\/p>\n\n\n\n<p><strong><mark style=\"background-color:rgba(0, 0, 0, 0)\" class=\"has-inline-color has-vivid-red-color\"><a href=\"https:\/\/philgoodnrj.com\/index.php\/douleurs-a-la-tete-maux-de-tete-migraines\/\" data-type=\"page\" data-id=\"540\">Douleurs \u00e0 la t\u00eate (maux de t\u00eate, migraines)<\/a><\/mark><\/strong><\/p>\n\n\n\n<figure class=\"wp-block-image size-full is-resized\"><img loading=\"lazy\" decoding=\"async\" width=\"539\" height=\"763\" src=\"http:\/\/philgoodnrj.com\/wp-content\/uploads\/2025\/02\/maux-de-tete-e1740502694853.jpg\" alt=\"\" class=\"wp-image-746\" style=\"width:71px;height:auto\" srcset=\"https:\/\/philgoodnrj.com\/wp-content\/uploads\/2025\/02\/maux-de-tete-e1740502694853.jpg 539w, https:\/\/philgoodnrj.com\/wp-content\/uploads\/2025\/02\/maux-de-tete-e1740502694853-212x300.jpg 212w\" sizes=\"auto, (max-width: 539px) 100vw, 539px\" \/><\/figure>\n\n\n\n<p><\/p>\n\n\n\n<p><strong><mark style=\"background-color:rgba(0, 0, 0, 0)\" class=\"has-inline-color has-vivid-red-color\">Douleurs tendino-musculo-squelettiques (TMS)<\/mark><\/strong><\/p>\n\n\n\n<p><\/p>\n\n\n\n<div class=\"wp-block-columns is-layout-flex wp-container-core-columns-is-layout-9d6595d7 wp-block-columns-is-layout-flex\">\n<div class=\"wp-block-column is-layout-flow wp-block-column-is-layout-flow\">\n<div class=\"wp-block-columns is-layout-flex wp-container-core-columns-is-layout-9d6595d7 wp-block-columns-is-layout-flex\">\n<div class=\"wp-block-column is-layout-flow wp-block-column-is-layout-flow\">\n<p><strong>Douleurs \u00e0 l&rsquo;\u00e9paule<\/strong><br><\/p>\n\n\n\n<figure class=\"wp-block-image size-full is-resized\"><img loading=\"lazy\" decoding=\"async\" width=\"503\" height=\"457\" src=\"https:\/\/philgoodnrj.com\/wp-content\/uploads\/2024\/12\/image-16.png\" alt=\"\" class=\"wp-image-512\" style=\"width:132px;height:auto\" srcset=\"https:\/\/philgoodnrj.com\/wp-content\/uploads\/2024\/12\/image-16.png 503w, https:\/\/philgoodnrj.com\/wp-content\/uploads\/2024\/12\/image-16-300x273.png 300w\" sizes=\"auto, (max-width: 503px) 100vw, 503px\" \/><\/figure>\n<\/div>\n<\/div>\n<\/div>\n\n\n\n<div class=\"wp-block-column is-layout-flow wp-block-column-is-layout-flow\">\n<p><strong>Douleurs dans la r\u00e9gion du cou<\/strong><\/p>\n\n\n\n<figure class=\"wp-block-image size-full is-resized\"><img loading=\"lazy\" decoding=\"async\" width=\"725\" height=\"667\" src=\"https:\/\/philgoodnrj.com\/wp-content\/uploads\/2024\/12\/image-5.png\" alt=\"\" class=\"wp-image-501\" style=\"width:130px;height:auto\" srcset=\"https:\/\/philgoodnrj.com\/wp-content\/uploads\/2024\/12\/image-5.png 725w, https:\/\/philgoodnrj.com\/wp-content\/uploads\/2024\/12\/image-5-300x276.png 300w\" sizes=\"auto, (max-width: 725px) 100vw, 725px\" \/><\/figure>\n<\/div>\n\n\n\n<div class=\"wp-block-column is-layout-flow wp-block-column-is-layout-flow\">\n<p><strong>Douleurs au niveau du coude<\/strong><\/p>\n\n\n\n<figure class=\"wp-block-image size-full is-resized\"><img loading=\"lazy\" decoding=\"async\" width=\"374\" height=\"289\" src=\"https:\/\/philgoodnrj.com\/wp-content\/uploads\/2024\/12\/image-4.png\" alt=\"\" class=\"wp-image-500\" style=\"width:146px;height:auto\" srcset=\"https:\/\/philgoodnrj.com\/wp-content\/uploads\/2024\/12\/image-4.png 374w, https:\/\/philgoodnrj.com\/wp-content\/uploads\/2024\/12\/image-4-300x232.png 300w\" sizes=\"auto, (max-width: 374px) 100vw, 374px\" \/><\/figure>\n<\/div>\n<\/div>\n\n\n\n<div class=\"wp-block-columns is-layout-flex wp-container-core-columns-is-layout-9d6595d7 wp-block-columns-is-layout-flex\">\n<div class=\"wp-block-column is-layout-flow wp-block-column-is-layout-flow\">\n<p><strong>Douleurs dans la haut du dos<\/strong><\/p>\n\n\n\n<figure class=\"wp-block-image size-full is-resized\"><img loading=\"lazy\" decoding=\"async\" width=\"537\" height=\"561\" src=\"https:\/\/philgoodnrj.com\/wp-content\/uploads\/2024\/12\/image-15.png\" alt=\"\" class=\"wp-image-511\" style=\"width:98px;height:auto\" srcset=\"https:\/\/philgoodnrj.com\/wp-content\/uploads\/2024\/12\/image-15.png 537w, https:\/\/philgoodnrj.com\/wp-content\/uploads\/2024\/12\/image-15-287x300.png 287w\" sizes=\"auto, (max-width: 537px) 100vw, 537px\" \/><\/figure>\n<\/div>\n\n\n\n<div class=\"wp-block-column is-layout-flow wp-block-column-is-layout-flow\">\n<p><strong>Douleurs dans le bas du dos<\/strong><\/p>\n\n\n\n<figure class=\"wp-block-image size-full is-resized\"><img loading=\"lazy\" decoding=\"async\" width=\"793\" height=\"639\" src=\"https:\/\/philgoodnrj.com\/wp-content\/uploads\/2024\/12\/image-8.png\" alt=\"\" class=\"wp-image-504\" style=\"width:119px;height:auto\" srcset=\"https:\/\/philgoodnrj.com\/wp-content\/uploads\/2024\/12\/image-8.png 793w, https:\/\/philgoodnrj.com\/wp-content\/uploads\/2024\/12\/image-8-300x242.png 300w, https:\/\/philgoodnrj.com\/wp-content\/uploads\/2024\/12\/image-8-768x619.png 768w\" sizes=\"auto, (max-width: 793px) 100vw, 793px\" \/><\/figure>\n<\/div>\n\n\n\n<div class=\"wp-block-column is-layout-flow wp-block-column-is-layout-flow\">\n<p><strong>Douleurs dans le ventre<\/strong><\/p>\n\n\n\n<figure class=\"wp-block-image size-full is-resized\"><img loading=\"lazy\" decoding=\"async\" width=\"425\" height=\"447\" src=\"https:\/\/philgoodnrj.com\/wp-content\/uploads\/2024\/12\/image-14.png\" alt=\"\" class=\"wp-image-510\" style=\"width:106px;height:auto\" srcset=\"https:\/\/philgoodnrj.com\/wp-content\/uploads\/2024\/12\/image-14.png 425w, https:\/\/philgoodnrj.com\/wp-content\/uploads\/2024\/12\/image-14-285x300.png 285w\" sizes=\"auto, (max-width: 425px) 100vw, 425px\" \/><\/figure>\n<\/div>\n<\/div>\n\n\n\n<p><\/p>\n\n\n\n<div class=\"wp-block-columns is-layout-flex wp-container-core-columns-is-layout-9d6595d7 wp-block-columns-is-layout-flex\">\n<div class=\"wp-block-column is-layout-flow wp-block-column-is-layout-flow\">\n<p><strong>Douleurs au niveau du pouce<\/strong><\/p>\n\n\n\n<figure class=\"wp-block-image size-full is-resized\"><img loading=\"lazy\" decoding=\"async\" width=\"585\" height=\"485\" src=\"https:\/\/philgoodnrj.com\/wp-content\/uploads\/2024\/12\/image-18.png\" alt=\"\" class=\"wp-image-515\" style=\"width:139px;height:auto\" srcset=\"https:\/\/philgoodnrj.com\/wp-content\/uploads\/2024\/12\/image-18.png 585w, https:\/\/philgoodnrj.com\/wp-content\/uploads\/2024\/12\/image-18-300x249.png 300w\" sizes=\"auto, (max-width: 585px) 100vw, 585px\" \/><\/figure>\n<\/div>\n\n\n\n<div class=\"wp-block-column is-layout-flow wp-block-column-is-layout-flow\">\n<p><strong>Douleur \u00e0 la base du pouce<\/strong><\/p>\n\n\n\n<figure class=\"wp-block-image size-full is-resized\"><img loading=\"lazy\" decoding=\"async\" width=\"533\" height=\"451\" src=\"https:\/\/philgoodnrj.com\/wp-content\/uploads\/2024\/12\/image-17.png\" alt=\"\" class=\"wp-image-513\" style=\"width:122px;height:auto\" srcset=\"https:\/\/philgoodnrj.com\/wp-content\/uploads\/2024\/12\/image-17.png 533w, https:\/\/philgoodnrj.com\/wp-content\/uploads\/2024\/12\/image-17-300x254.png 300w\" sizes=\"auto, (max-width: 533px) 100vw, 533px\" \/><\/figure>\n<\/div>\n\n\n\n<div class=\"wp-block-column is-layout-flow wp-block-column-is-layout-flow\">\n<p><strong>Douleurs dans les doigts<\/strong><\/p>\n\n\n\n<figure class=\"wp-block-image size-full is-resized\"><img loading=\"lazy\" decoding=\"async\" width=\"343\" height=\"379\" src=\"https:\/\/philgoodnrj.com\/wp-content\/uploads\/2024\/12\/image-10.png\" alt=\"\" class=\"wp-image-506\" style=\"width:100px;height:auto\" srcset=\"https:\/\/philgoodnrj.com\/wp-content\/uploads\/2024\/12\/image-10.png 343w, https:\/\/philgoodnrj.com\/wp-content\/uploads\/2024\/12\/image-10-272x300.png 272w\" sizes=\"auto, (max-width: 343px) 100vw, 343px\" \/><\/figure>\n<\/div>\n<\/div>\n\n\n\n<p><\/p>\n\n\n\n<div class=\"wp-block-columns is-layout-flex wp-container-core-columns-is-layout-9d6595d7 wp-block-columns-is-layout-flex\">\n<div class=\"wp-block-column is-layout-flow wp-block-column-is-layout-flow\">\n<p><strong>Douleurs dans les genoux<\/strong><\/p>\n\n\n\n<figure class=\"wp-block-image size-full is-resized\"><img loading=\"lazy\" decoding=\"async\" width=\"363\" height=\"457\" src=\"https:\/\/philgoodnrj.com\/wp-content\/uploads\/2024\/12\/image-9.png\" alt=\"\" class=\"wp-image-505\" style=\"width:100px;height:auto\" srcset=\"https:\/\/philgoodnrj.com\/wp-content\/uploads\/2024\/12\/image-9.png 363w, https:\/\/philgoodnrj.com\/wp-content\/uploads\/2024\/12\/image-9-238x300.png 238w\" sizes=\"auto, (max-width: 363px) 100vw, 363px\" \/><\/figure>\n<\/div>\n\n\n\n<div class=\"wp-block-column is-layout-flow wp-block-column-is-layout-flow\">\n<p><strong>Douleurs \u00e0 la cheville<\/strong><\/p>\n\n\n\n<figure class=\"wp-block-image size-full is-resized\"><img loading=\"lazy\" decoding=\"async\" width=\"445\" height=\"401\" src=\"https:\/\/philgoodnrj.com\/wp-content\/uploads\/2024\/12\/image-7.png\" alt=\"\" class=\"wp-image-503\" style=\"width:121px;height:auto\" srcset=\"https:\/\/philgoodnrj.com\/wp-content\/uploads\/2024\/12\/image-7.png 445w, https:\/\/philgoodnrj.com\/wp-content\/uploads\/2024\/12\/image-7-300x270.png 300w\" sizes=\"auto, (max-width: 445px) 100vw, 445px\" \/><\/figure>\n<\/div>\n\n\n\n<div class=\"wp-block-column is-layout-flow wp-block-column-is-layout-flow\">\n<p><strong>Douleurs au talon d&rsquo;Achille<\/strong><\/p>\n\n\n\n<figure class=\"wp-block-image size-full is-resized\"><img loading=\"lazy\" decoding=\"async\" width=\"254\" height=\"155\" src=\"https:\/\/philgoodnrj.com\/wp-content\/uploads\/2024\/12\/image-23.png\" alt=\"\" class=\"wp-image-604\" style=\"width:139px;height:auto\"\/><\/figure>\n<\/div>\n<\/div>\n\n\n\n<p><\/p>\n\n\n\n<p><\/p>\n\n\n\n<div class=\"wp-block-columns is-layout-flex wp-container-core-columns-is-layout-9d6595d7 wp-block-columns-is-layout-flex\">\n<div class=\"wp-block-column is-layout-flow wp-block-column-is-layout-flow\">\n<p><strong>Douleurs sous la plante des pieds<\/strong><\/p>\n\n\n\n<figure class=\"wp-block-image size-full is-resized\"><img loading=\"lazy\" decoding=\"async\" width=\"257\" height=\"162\" src=\"https:\/\/philgoodnrj.com\/wp-content\/uploads\/2024\/12\/image-24.png\" alt=\"\" class=\"wp-image-606\" style=\"width:140px;height:auto\"\/><\/figure>\n<\/div>\n\n\n\n<div class=\"wp-block-column is-layout-flow wp-block-column-is-layout-flow\">\n<p><strong>Douleurs li\u00e9es \u00e0 un hallux valgus<\/strong><\/p>\n\n\n\n<figure class=\"wp-block-image size-full is-resized\"><img loading=\"lazy\" decoding=\"async\" width=\"295\" height=\"563\" src=\"https:\/\/philgoodnrj.com\/wp-content\/uploads\/2024\/12\/image-20.png\" alt=\"\" class=\"wp-image-517\" style=\"width:69px;height:auto\" srcset=\"https:\/\/philgoodnrj.com\/wp-content\/uploads\/2024\/12\/image-20.png 295w, https:\/\/philgoodnrj.com\/wp-content\/uploads\/2024\/12\/image-20-157x300.png 157w\" sizes=\"auto, (max-width: 295px) 100vw, 295px\" \/><\/figure>\n<\/div>\n<\/div>\n\n\n\n<p><\/p>\n\n\n\n<div class=\"wp-block-columns is-layout-flex wp-container-core-columns-is-layout-9d6595d7 wp-block-columns-is-layout-flex\">\n<div class=\"wp-block-column is-layout-flow wp-block-column-is-layout-flow\">\n<p><strong>Sciatique<\/strong><\/p>\n\n\n\n<figure class=\"wp-block-image size-full\"><img loading=\"lazy\" decoding=\"async\" width=\"204\" height=\"192\" src=\"https:\/\/philgoodnrj.com\/wp-content\/uploads\/2024\/12\/sciatique-1.jpeg\" alt=\"\" class=\"wp-image-617\"\/><\/figure>\n<\/div>\n\n\n\n<div class=\"wp-block-column is-layout-flow wp-block-column-is-layout-flow\">\n<p><strong>Cruralgie<\/strong><\/p>\n\n\n\n<figure class=\"wp-block-image size-full is-resized\"><img loading=\"lazy\" decoding=\"async\" width=\"750\" height=\"1000\" src=\"https:\/\/philgoodnrj.com\/wp-content\/uploads\/2024\/12\/cruralgie2-1.jpg\" alt=\"\" class=\"wp-image-618\" style=\"width:151px;height:auto\" srcset=\"https:\/\/philgoodnrj.com\/wp-content\/uploads\/2024\/12\/cruralgie2-1.jpg 750w, https:\/\/philgoodnrj.com\/wp-content\/uploads\/2024\/12\/cruralgie2-1-225x300.jpg 225w\" sizes=\"auto, (max-width: 750px) 100vw, 750px\" \/><\/figure>\n<\/div>\n\n\n\n<div class=\"wp-block-column is-layout-flow wp-block-column-is-layout-flow\">\n<p><strong>Lumbago<\/strong><\/p>\n<\/div>\n<\/div>\n\n\n\n<p><\/p>\n\n\n\n<p><strong>Vous vous reconnaissez dans un de ces cas ? Ne restez pas avec votre douleur, il est possible de la soulager : <a href=\"https:\/\/philgoodnrj.com\/index.php\/prendre-rendez-vous\/\" data-type=\"page\" data-id=\"65\">contactez moi pour fixer un rendez-vous <\/a>!<\/strong><\/p>\n\n\n\n<p><\/p>\n\n\n\n<p><mark style=\"background-color:rgba(0, 0, 0, 0)\" class=\"has-inline-color has-vivid-red-color\">Notez que plus les traumatismes et accidents sont pris t\u00f4t, plus efficace est le protocole et plus rapide est le r\u00e9sultat (ex: entorses, br\u00fblures, zona&#8230;): pensez \u00e0 me l&rsquo;indiquer lors de la prise de rendez-vous que je puisse vous recevoir en priorit\u00e9.<\/mark><\/p>\n\n\n\n<p><\/p>\n\n\n\n<p><strong>Dur\u00e9e de la s\u00e9ance<\/strong> : selon les cas, la s\u00e9ance peut durer de 20 minutes (ex: entorse de la cheville), 30 minutes ou 40 minutes.<\/p>\n\n\n\n<p><\/p>\n\n\n\n<p><strong>Tarifs <\/strong>: 30\u20ac pour une s\u00e9ance de 20 minutes, 35\u20ac pour une s\u00e9ance de 30 minutes, 40\u20ac pour une s\u00e9ance de 40 minutes<\/p>\n\n\n\n<p><\/p>\n\n\n\n<p><a href=\"https:\/\/philgoodnrj.com\/index.php\/soins-proposes\/\" data-type=\"link\" data-id=\"https:\/\/philgoodnrj.com\/index.php\/soins-proposes\/\">Retour<\/a><\/p>\n\n\n\n<p><\/p>\n\n\n\n<p><\/p>\n","protected":false},"excerpt":{"rendered":"<p>Que votre douleur soit cons\u00e9cutive \u00e0 un traumatisme (ex: entorse de la cheville), \u00e0 un accident domestique (ex: br\u00fblure), \u00e0 un traitement (ex: radioth\u00e9rapie), \u00e0 un virus (ex: zona) ou bien qu&rsquo;elle soit chronique, je peux vous accompagner dans la gestion de cette douleur. Voici quelques exemples de cas de clients que j&rsquo;ai pu accompagner [&hellip;]<\/p>\n","protected":false},"author":1,"featured_media":0,"parent":0,"menu_order":0,"comment_status":"closed","ping_status":"closed","template":"","meta":{"om_disable_all_campaigns":false,"_monsterinsights_skip_tracking":false,"_monsterinsights_sitenote_active":false,"_monsterinsights_sitenote_note":"","_monsterinsights_sitenote_category":0,"_uf_show_specific_survey":0,"_uf_disable_surveys":false,"footnotes":""},"class_list":["post-491","page","type-page","status-publish","hentry"],"aioseo_notices":[],"_links":{"self":[{"href":"https:\/\/philgoodnrj.com\/index.php\/wp-json\/wp\/v2\/pages\/491","targetHints":{"allow":["GET"]}}],"collection":[{"href":"https:\/\/philgoodnrj.com\/index.php\/wp-json\/wp\/v2\/pages"}],"about":[{"href":"https:\/\/philgoodnrj.com\/index.php\/wp-json\/wp\/v2\/types\/page"}],"author":[{"embeddable":true,"href":"https:\/\/philgoodnrj.com\/index.php\/wp-json\/wp\/v2\/users\/1"}],"replies":[{"embeddable":true,"href":"https:\/\/philgoodnrj.com\/index.php\/wp-json\/wp\/v2\/comments?post=491"}],"version-history":[{"count":40,"href":"https:\/\/philgoodnrj.com\/index.php\/wp-json\/wp\/v2\/pages\/491\/revisions"}],"predecessor-version":[{"id":748,"href":"https:\/\/philgoodnrj.com\/index.php\/wp-json\/wp\/v2\/pages\/491\/revisions\/748"}],"wp:attachment":[{"href":"https:\/\/philgoodnrj.com\/index.php\/wp-json\/wp\/v2\/media?parent=491"}],"curies":[{"name":"wp","href":"https:\/\/api.w.org\/{rel}","templated":true}]}}