{"id":540,"date":"2024-12-13T10:53:26","date_gmt":"2024-12-13T09:53:26","guid":{"rendered":"https:\/\/philgoodnrj.com\/?page_id=540"},"modified":"2025-03-28T11:24:18","modified_gmt":"2025-03-28T10:24:18","slug":"douleurs-a-la-tete-maux-de-tete-migraines","status":"publish","type":"page","link":"https:\/\/philgoodnrj.com\/index.php\/douleurs-a-la-tete-maux-de-tete-migraines\/","title":{"rendered":"Douleurs \u00e0 la t\u00eate (maux de t\u00eate, migraines)"},"content":{"rendered":"\n<p>Les c\u00e9phal\u00e9es, ou maux de t\u00eate, sont des sympt\u00f4mes fr\u00e9quents. Elles sont b\u00e9nignes dans la majorit\u00e9 des cas, mais ont souvent des r\u00e9percussions importantes sur la qualit\u00e9 de vie des personnes qui en souffrent. Il est important de distinguer les c\u00e9phal\u00e9es dites primaires, c&rsquo;est \u00e0 dire des maux de t\u00eate qui n&rsquo;ont pas de maladie comme origine, des c\u00e9phal\u00e9es dites secondaires qui sont li\u00e9es \u00e0 un probl\u00e8me de sant\u00e9 tel que traumatisme cranien, la prise d&rsquo;une substance toxique ou d&rsquo;un m\u00e9dicament.<\/p>\n\n\n\n<p>Parmi les c\u00e9phal\u00e9es primaires, il existe :<\/p>\n\n\n\n<ul class=\"wp-block-list\">\n<li>La\u00a0<mark style=\"background-color:rgba(0, 0, 0, 0)\" class=\"has-inline-color has-vivid-red-color\"><strong>migraine<\/strong>\u00a0<\/mark>qui\u00a0se manifeste par des \u00e9pisodes de maux de t\u00eate intenses, souvent associ\u00e9s \u00e0 des naus\u00e9es, des vomissements, une intol\u00e9rance au bruit et \u00e0 la lumi\u00e8re. Sans traitement ou avec un traitement inappropri\u00e9, les crises durent de 4 \u00e0 72 heures.<\/li>\n<\/ul>\n\n\n\n<p>Des facteurs psychologiques, hormonaux, alimentaires ou li\u00e9s au mode de vie peuvent d\u00e9clencher une crise.<\/p>\n\n\n\n<p>La migraine peut \u00eatre pr\u00e9c\u00e9d\u00e9e de diff\u00e9rents ph\u00e9nom\u00e8nes neurologiques (troubles visuels, sensitifs, langagier, entre autres). Ces ph\u00e9nom\u00e8nes pr\u00e9c\u00e8dent g\u00e9n\u00e9ralement l&rsquo;apparition des douleurs. La migraine sans ces ph\u00e9nom\u00e8nes annonciateurs est la forme la plus fr\u00e9quente.<\/p>\n\n\n\n<ul class=\"wp-block-list\">\n<li>La\u00a0<strong><mark style=\"background-color:rgba(0, 0, 0, 0)\" class=\"has-inline-color has-vivid-red-color\">c\u00e9phal\u00e9e de tension<\/mark><\/strong>\u00a0est un mal de t\u00eate touchant les deux c\u00f4t\u00e9s du cr\u00e2ne. Elle est ressentie comme une pression ou une tension, d\u2019intensit\u00e9 l\u00e9g\u00e8re \u00e0 mod\u00e9r\u00e9e, irradiant au niveau de la nuque, des tempes ou du front, et parfois jusqu\u2019au cou. Les crises peuvent durer de\u00a030 minutes \u00e0 plusieurs jours.<\/li>\n<\/ul>\n\n\n\n<p>Elle pourrait \u00eatre li\u00e9e au stress ou \u00e0 des probl\u00e8mes musculaires et squelettiques cervicaux.<\/p>\n\n\n\n<ul class=\"wp-block-list\">\n<li>La\u00a0<strong><mark style=\"background-color:rgba(0, 0, 0, 0)\" class=\"has-inline-color has-vivid-red-color\">c\u00e9phal\u00e9e chronique quotidienne<\/mark><\/strong>\u00a0est\u00a0le plus souvent\u00a0une c\u00e9phal\u00e9e \u00e9pisodique (migraine ou c\u00e9phal\u00e9e de tension) qui\u00a0est devenue chronique\u00a0souvent dans un contexte de prise\u00a0excessive de m\u00e9dicaments antidouleur. La c\u00e9phal\u00e9e est dite chronique lorsque les \u00e9pisodes de maux de t\u00eate se produisent plus de 15 jours par mois, depuis plus de 3 mois.<\/li>\n<\/ul>\n\n\n\n<p><\/p>\n\n\n\n<p>ll existe \u00e9galement d&rsquo;autres formes de c\u00e9phal\u00e9es plus rares.<\/p>\n\n\n\n<p><\/p>\n\n\n\n<p>Gr\u00e2ce \u00e0 l&rsquo;acupression et \u00e0 la th\u00e9rapie manuelle, il est possible de soulager les douleurs li\u00e9es aux migraines et c\u00e9phal\u00e9es, sans que cela ne vienne perturber votre \u00e9ventuel protocole de traitement m\u00e9dicamenteux.<\/p>\n\n\n\n<p>Ne restez pas avec vos douleurs. <a href=\"https:\/\/philgoodnrj.com\/index.php\/prendre-rendez-vous\/\" data-type=\"page\" data-id=\"65\">Contactez moi pour prendre rendez-vous<\/a>.<\/p>\n\n\n\n<p><\/p>\n\n\n\n<p><\/p>\n\n\n\n<p><a href=\"https:\/\/philgoodnrj.com\/index.php\/accompagnement-de-la-douleur\/\" data-type=\"link\" data-id=\"https:\/\/philgoodnrj.com\/index.php\/accompagnement-de-la-douleur\/\">Retour<\/a><\/p>\n\n\n\n<p><\/p>\n","protected":false},"excerpt":{"rendered":"<p>Les c\u00e9phal\u00e9es, ou maux de t\u00eate, sont des sympt\u00f4mes fr\u00e9quents. Elles sont b\u00e9nignes dans la majorit\u00e9 des cas, mais ont souvent des r\u00e9percussions importantes sur la qualit\u00e9 de vie des personnes qui en souffrent. Il est important de distinguer les c\u00e9phal\u00e9es dites primaires, c&rsquo;est \u00e0 dire des maux de t\u00eate qui n&rsquo;ont pas de maladie [&hellip;]<\/p>\n","protected":false},"author":1,"featured_media":0,"parent":0,"menu_order":0,"comment_status":"closed","ping_status":"closed","template":"","meta":{"om_disable_all_campaigns":false,"_monsterinsights_skip_tracking":false,"_monsterinsights_sitenote_active":false,"_monsterinsights_sitenote_note":"","_monsterinsights_sitenote_category":0,"_uf_show_specific_survey":0,"_uf_disable_surveys":false,"footnotes":""},"class_list":["post-540","page","type-page","status-publish","hentry"],"aioseo_notices":[],"_links":{"self":[{"href":"https:\/\/philgoodnrj.com\/index.php\/wp-json\/wp\/v2\/pages\/540","targetHints":{"allow":["GET"]}}],"collection":[{"href":"https:\/\/philgoodnrj.com\/index.php\/wp-json\/wp\/v2\/pages"}],"about":[{"href":"https:\/\/philgoodnrj.com\/index.php\/wp-json\/wp\/v2\/types\/page"}],"author":[{"embeddable":true,"href":"https:\/\/philgoodnrj.com\/index.php\/wp-json\/wp\/v2\/users\/1"}],"replies":[{"embeddable":true,"href":"https:\/\/philgoodnrj.com\/index.php\/wp-json\/wp\/v2\/comments?post=540"}],"version-history":[{"count":5,"href":"https:\/\/philgoodnrj.com\/index.php\/wp-json\/wp\/v2\/pages\/540\/revisions"}],"predecessor-version":[{"id":897,"href":"https:\/\/philgoodnrj.com\/index.php\/wp-json\/wp\/v2\/pages\/540\/revisions\/897"}],"wp:attachment":[{"href":"https:\/\/philgoodnrj.com\/index.php\/wp-json\/wp\/v2\/media?parent=540"}],"curies":[{"name":"wp","href":"https:\/\/api.w.org\/{rel}","templated":true}]}}