{"id":61,"date":"2024-05-27T15:16:11","date_gmt":"2024-05-27T13:16:11","guid":{"rendered":"https:\/\/philgoodnrj.com\/?page_id=61"},"modified":"2025-03-10T11:05:49","modified_gmt":"2025-03-10T10:05:49","slug":"deroule-dune-consultation","status":"publish","type":"page","link":"https:\/\/philgoodnrj.com\/index.php\/deroule-dune-consultation\/","title":{"rendered":"D\u00e9roul\u00e9 d&rsquo;une s\u00e9ance"},"content":{"rendered":"\n<p><strong>Lors d&rsquo;une s\u00e9ance vous restez habill\u00e9(e)<\/strong> (sauf s\u00e9ance sp\u00e9cifique de <a data-type=\"page\" data-id=\"138\" href=\"https:\/\/philgoodnrj.com\/index.php\/massage-chong-mai\/\">massage sur l&rsquo;int\u00e9gralit\u00e9 du corps<\/a>),<\/p>\n\n\n\n<p>Pour un mineur, un parent ou un adulte r\u00e9f\u00e9rent reste pr\u00e9sent dans la salle.<\/p>\n\n\n\n<p><\/p>\n\n\n\n<p><strong>Je commence par \u00e9couter votre demande pour mieux comprendre vos attentes et identifier les \u00e9ventuels d\u00e9s\u00e9quilibres \u00e9nerg\u00e9tiques.<\/strong><\/p>\n\n\n\n<p><\/p>\n\n\n\n<p>Ce n\u2019est qu\u2019apr\u00e8s cette premi\u00e8re phase que je vais pouvoir vous proposer des <mark style=\"background-color:rgba(0, 0, 0, 0)\" class=\"has-inline-color has-vivid-red-color\">actions personnalis\u00e9es<\/mark> pour r\u00e9tablir ces \u00e9quilibres qu\u2019ils soient d\u2019ordre physique, mental ou \u00e9motionnel. Cela peut passer par une s\u00e9ance de <strong>digitopuncture <\/strong>(acupuncture sans aiguilles) ou bien une <strong>th\u00e9rapie manuelle<\/strong> qui peut \u00eatre un <strong>massage \u00e9nerg\u00e9tique<\/strong> ou une s\u00e9ance de <strong>Vibration Tissulaire<\/strong>, suivie en fin de s\u00e9ance par des <strong>conseils en hygi\u00e8ne de vie<\/strong>.<\/p>\n\n\n\n<p><\/p>\n\n\n\n<p>Une s\u00e9ance peut durer entre 30 minutes et 1 heure selon les techniques employ\u00e9es. S&rsquo;il s&rsquo;agit de la toute premi\u00e8re s\u00e9ance, celle-ci  va plut\u00f4t durer 1h30.<\/p>\n\n\n\n<p><\/p>\n\n\n\n<p><a href=\"https:\/\/philgoodnrj.com\/index.php\/quest-ce-que-lenergetique\/\" data-type=\"page\" data-id=\"47\">Retour<\/a><\/p>\n\n\n\n<p><\/p>\n\n\n\n<p><\/p>\n\n\n\n<p><\/p>\n\n\n\n<p><\/p>\n","protected":false},"excerpt":{"rendered":"<p>Lors d&rsquo;une s\u00e9ance vous restez habill\u00e9(e) (sauf s\u00e9ance sp\u00e9cifique de massage sur l&rsquo;int\u00e9gralit\u00e9 du corps), Pour un mineur, un parent ou un adulte r\u00e9f\u00e9rent reste pr\u00e9sent dans la salle. Je commence par \u00e9couter votre demande pour mieux comprendre vos attentes et identifier les \u00e9ventuels d\u00e9s\u00e9quilibres \u00e9nerg\u00e9tiques. Ce n\u2019est qu\u2019apr\u00e8s cette premi\u00e8re phase que je vais [&hellip;]<\/p>\n","protected":false},"author":1,"featured_media":0,"parent":0,"menu_order":0,"comment_status":"closed","ping_status":"closed","template":"","meta":{"om_disable_all_campaigns":false,"_monsterinsights_skip_tracking":false,"_monsterinsights_sitenote_active":false,"_monsterinsights_sitenote_note":"","_monsterinsights_sitenote_category":0,"_uf_show_specific_survey":0,"_uf_disable_surveys":false,"footnotes":""},"class_list":["post-61","page","type-page","status-publish","hentry"],"aioseo_notices":[],"_links":{"self":[{"href":"https:\/\/philgoodnrj.com\/index.php\/wp-json\/wp\/v2\/pages\/61","targetHints":{"allow":["GET"]}}],"collection":[{"href":"https:\/\/philgoodnrj.com\/index.php\/wp-json\/wp\/v2\/pages"}],"about":[{"href":"https:\/\/philgoodnrj.com\/index.php\/wp-json\/wp\/v2\/types\/page"}],"author":[{"embeddable":true,"href":"https:\/\/philgoodnrj.com\/index.php\/wp-json\/wp\/v2\/users\/1"}],"replies":[{"embeddable":true,"href":"https:\/\/philgoodnrj.com\/index.php\/wp-json\/wp\/v2\/comments?post=61"}],"version-history":[{"count":11,"href":"https:\/\/philgoodnrj.com\/index.php\/wp-json\/wp\/v2\/pages\/61\/revisions"}],"predecessor-version":[{"id":844,"href":"https:\/\/philgoodnrj.com\/index.php\/wp-json\/wp\/v2\/pages\/61\/revisions\/844"}],"wp:attachment":[{"href":"https:\/\/philgoodnrj.com\/index.php\/wp-json\/wp\/v2\/media?parent=61"}],"curies":[{"name":"wp","href":"https:\/\/api.w.org\/{rel}","templated":true}]}}