{"id":64,"date":"2024-05-27T15:16:11","date_gmt":"2024-05-27T13:16:11","guid":{"rendered":"https:\/\/philgoodnrj.com\/?page_id=64"},"modified":"2025-09-28T19:10:18","modified_gmt":"2025-09-28T17:10:18","slug":"ou-me-trouver","status":"publish","type":"page","link":"https:\/\/philgoodnrj.com\/index.php\/ou-me-trouver\/","title":{"rendered":"O\u00f9 me trouver"},"content":{"rendered":"\n<p>Je peux vous recevoir sur rendez-vous sur mes diff\u00e9rents lieux de consultation :<\/p>\n\n\n\n<div class=\"wp-block-columns is-layout-flex wp-container-core-columns-is-layout-9d6595d7 wp-block-columns-is-layout-flex\">\n<div class=\"wp-block-column is-layout-flow wp-block-column-is-layout-flow\" style=\"flex-basis:33.33%\">\n<figure class=\"wp-block-image size-full is-resized\"><img loading=\"lazy\" decoding=\"async\" width=\"118\" height=\"62\" src=\"http:\/\/philgoodnrj.com\/wp-content\/uploads\/2025\/02\/Logo-MDME-25x25-3.png\" alt=\"\" class=\"wp-image-723\" style=\"width:131px;height:auto\"\/><\/figure>\n<\/div>\n\n\n\n<div class=\"wp-block-column is-layout-flow wp-block-column-is-layout-flow\" style=\"flex-basis:66.66%\">\n<p><strong><a href=\"https:\/\/g.page\/r\/Cc-q84L5GXFhEBM\/\" title=\"\">Phil Good NRJ Rueil-Malmaison<\/a><\/strong><\/p>\n\n\n\n<p class=\"has-black-color has-text-color has-link-color wp-elements-4ee80105792e6b240e06f59f4f2f8731\">38 rue Victorien Sardou,<strong> <\/strong><\/p>\n\n\n\n<p class=\"has-black-color has-text-color has-link-color wp-elements-df2de0cb1e837ab41566081a35f9bfda\">92500 RUEIL MALMAISON<\/p>\n<\/div>\n<\/div>\n\n\n\n<div class=\"wp-block-columns is-layout-flex wp-container-core-columns-is-layout-9d6595d7 wp-block-columns-is-layout-flex\">\n<div class=\"wp-block-column is-layout-flow wp-block-column-is-layout-flow\"><\/div>\n\n\n\n<div class=\"wp-block-column is-layout-flow wp-block-column-is-layout-flow\"><\/div>\n<\/div>\n\n\n\n<div class=\"wp-block-columns is-layout-flex wp-container-core-columns-is-layout-9d6595d7 wp-block-columns-is-layout-flex\">\n<div class=\"wp-block-column is-layout-flow wp-block-column-is-layout-flow\" style=\"flex-basis:33.33%\">\n<figure class=\"wp-block-image size-full is-resized\"><img loading=\"lazy\" decoding=\"async\" width=\"77\" height=\"41\" src=\"http:\/\/philgoodnrj.com\/wp-content\/uploads\/2025\/02\/logo-Wellfuz-50x50-1.png\" alt=\"\" class=\"wp-image-726\" style=\"width:130px;height:auto\"\/><\/figure>\n<\/div>\n\n\n\n<div class=\"wp-block-column is-layout-flow wp-block-column-is-layout-flow\" style=\"flex-basis:66.66%\">\n<p><\/p>\n\n\n\n<p><strong><a href=\"https:\/\/g.page\/r\/CbbsSdHn2enbEBM\/\" title=\"\">Phil Good NRJ Croissy sur Seine<\/a><\/strong><\/p>\n\n\n\n<p><mark style=\"background-color: rgba(0, 0, 0, 0);\" class=\"has-inline-color\">1 rue Maurice Leblanc<br>Parc d&rsquo;activit\u00e9s Claude Monet<br>78290 Croissy-sur-Seine<\/mark><\/p>\n<\/div>\n<\/div>\n\n\n\n<p><\/p>\n\n\n\n<p><\/p>\n\n\n\n<p>Pour les personnes pr\u00e9sentant des difficult\u00e9s de locomotion, je peux exceptionnellement me rendre \u00e0 votre domicile. <a href=\"https:\/\/philgoodnrj.com\/index.php\/prendre-rendez-vous\/\" data-type=\"link\" data-id=\"https:\/\/philgoodnrj.com\/index.php\/prendre-rendez-vous\/\"><strong>Contactez-moi<\/strong> <\/a>pour plus d&rsquo;informations.<\/p>\n\n\n\n<p><\/p>\n\n\n\n<p>Suivez mon actualit\u00e9 sur :<\/p>\n\n\n\n<figure class=\"wp-block-image size-full is-resized\"><img loading=\"lazy\" decoding=\"async\" width=\"204\" height=\"192\" src=\"https:\/\/philgoodnrj.com\/wp-content\/uploads\/2024\/06\/logo-FB.png\" alt=\"\" class=\"wp-image-403\" style=\"width:29px;height:auto\"\/><\/figure>\n\n\n\n<p><a href=\"https:\/\/www.facebook.com\/PhilGoodNRJ78\" data-type=\"link\" data-id=\"https:\/\/www.facebook.com\/PhilGoodNRJ78\">Facebook<\/a><\/p>\n\n\n\n<figure class=\"wp-block-image size-full is-resized\"><img loading=\"lazy\" decoding=\"async\" width=\"204\" height=\"192\" src=\"https:\/\/philgoodnrj.com\/wp-content\/uploads\/2024\/06\/logo-Instagram-1.jpeg\" alt=\"\" class=\"wp-image-405\" style=\"width:29px;height:auto\"\/><\/figure>\n\n\n\n<p><a href=\"https:\/\/www.instagram.com\/philgoodnrj#\">Instagram<\/a><\/p>\n\n\n\n<p><\/p>\n\n\n\n<p><a href=\"http:\/\/www.philgoodnrj.com\">Retour<\/a><\/p>\n\n\n\n<p><\/p>\n","protected":false},"excerpt":{"rendered":"<p>Je peux vous recevoir sur rendez-vous sur mes diff\u00e9rents lieux de consultation : Phil Good NRJ Rueil-Malmaison 38 rue Victorien Sardou, 92500 RUEIL MALMAISON Phil Good NRJ Croissy sur Seine 1 rue Maurice LeblancParc d&rsquo;activit\u00e9s Claude Monet78290 Croissy-sur-Seine Pour les personnes pr\u00e9sentant des difficult\u00e9s de locomotion, je peux exceptionnellement me rendre \u00e0 votre domicile. Contactez-moi [&hellip;]<\/p>\n","protected":false},"author":1,"featured_media":0,"parent":0,"menu_order":0,"comment_status":"closed","ping_status":"closed","template":"","meta":{"om_disable_all_campaigns":false,"_monsterinsights_skip_tracking":false,"_monsterinsights_sitenote_active":false,"_monsterinsights_sitenote_note":"","_monsterinsights_sitenote_category":0,"_uf_show_specific_survey":0,"_uf_disable_surveys":false,"footnotes":""},"class_list":["post-64","page","type-page","status-publish","hentry"],"aioseo_notices":[],"_links":{"self":[{"href":"https:\/\/philgoodnrj.com\/index.php\/wp-json\/wp\/v2\/pages\/64","targetHints":{"allow":["GET"]}}],"collection":[{"href":"https:\/\/philgoodnrj.com\/index.php\/wp-json\/wp\/v2\/pages"}],"about":[{"href":"https:\/\/philgoodnrj.com\/index.php\/wp-json\/wp\/v2\/types\/page"}],"author":[{"embeddable":true,"href":"https:\/\/philgoodnrj.com\/index.php\/wp-json\/wp\/v2\/users\/1"}],"replies":[{"embeddable":true,"href":"https:\/\/philgoodnrj.com\/index.php\/wp-json\/wp\/v2\/comments?post=64"}],"version-history":[{"count":20,"href":"https:\/\/philgoodnrj.com\/index.php\/wp-json\/wp\/v2\/pages\/64\/revisions"}],"predecessor-version":[{"id":914,"href":"https:\/\/philgoodnrj.com\/index.php\/wp-json\/wp\/v2\/pages\/64\/revisions\/914"}],"wp:attachment":[{"href":"https:\/\/philgoodnrj.com\/index.php\/wp-json\/wp\/v2\/media?parent=64"}],"curies":[{"name":"wp","href":"https:\/\/api.w.org\/{rel}","templated":true}]}}