{"id":65,"date":"2024-05-27T15:16:11","date_gmt":"2024-05-27T13:16:11","guid":{"rendered":"https:\/\/philgoodnrj.com\/?page_id=65"},"modified":"2025-10-06T15:27:53","modified_gmt":"2025-10-06T13:27:53","slug":"prendre-rendez-vous","status":"publish","type":"page","link":"https:\/\/philgoodnrj.com\/index.php\/prendre-rendez-vous\/","title":{"rendered":"Prendre rendez-vous"},"content":{"rendered":"\n<p>R\u00e9servez pour un soin :<\/p>\n\n\n\n<div\n                    class=\"cfixe-booking-widget\"\n                    data-slug=\"phil-good-nrj\"\n                    data-color=\"d43016\"\n                    data-params='{}'\n                >\n                    <a href=\"https:\/\/cfixe.com\/book\/phil-good-nrj\" target=\"_blank\">\n                            Prenez rendez-vous directement sur ma page Cfix\u00e9\n                            \n                          <\/a>              \n<\/div>\n<script src=\"https:\/\/cfixe.com\/js\/widget.js\" type=\"text\/javascript\"><\/script>\n\n\n\n<p><\/p>\n\n\n\n<h3 class=\"wp-block-heading\">R\u00e9servez votre place pour un atelier Taichi Qi Gong:<\/h3>\n\n\n\n<div class=\"wp-block-amelia-events-list-booking-gutenberg-block\"><script>\n  if (typeof hasAmeliaEvent === 'undefined') {\n    var hasAmeliaEvent = true;\n  }\n  if (typeof hasEventApiCall === 'undefined' && '' === '') {\n    var hasEventApiCall = true;\n  }\n  var hasEventShortcode = (typeof hasEventShortcode === 'undefined') ? false : true;\n  var ameliaShortcodeData = (typeof ameliaShortcodeData === 'undefined') ? [] : ameliaShortcodeData;\n  ameliaShortcodeData.push(\n    {\n      'hasApiCall': (typeof hasEventApiCall !== 'undefined') && hasEventApiCall,\n      'trigger': '',\n      'trigger_type': '',\n      'triggered_form': 'elf',\n      'in_dialog': '',\n      'counter': '1000',\n      'employee': '',\n      'eventId': '',\n      'eventRecurring': 0,\n      'eventTag': \"\",\n      'locationId': \"\"\n    }\n  );\n  var ameliaShortcodeDataTriggered = (typeof ameliaShortcodeDataTriggered === 'undefined') ? [] : ameliaShortcodeDataTriggered;\n  if (ameliaShortcodeData[ameliaShortcodeData.length - 1].trigger !== '') {\n    if (ameliaShortcodeDataTriggered.filter(a => a.counter === ameliaShortcodeData[ameliaShortcodeData.length - 1].counter).length === 0) {\n      ameliaShortcodeDataTriggered.push(ameliaShortcodeData.pop());\n    } else {\n      ameliaShortcodeData.pop()\n    }\n  }\n  if (typeof hasEventApiCall !== 'undefined' && hasEventApiCall) {\n    hasEventApiCall = false;\n  }\n<\/script>\n\n<div\n  id=\"amelia-v2-booking-1000\"\n  class=\"amelia-v2-booking\"\n>\n    <events-list-form-wrapper><\/div>\n<\/div>\n\n\n\n<p>Merci de privil\u00e9gier le syst\u00e8me de r\u00e9servation en ligne. Si vous avez des questions, vous pouvez me joindre :<\/p>\n\n\n\n<ul class=\"wp-block-list\">\n<li>de pr\u00e9f\u00e9rence par e-mail : <strong><mark style=\"background-color:rgba(0, 0, 0, 0)\" class=\"has-inline-color has-vivid-red-color\"><a href=\"mailto:philgoodnrj@gmail.com\">philgoodnrj@gmail.com<\/a><\/mark><\/strong><\/li>\n\n\n\n<li>par t\u00e9l\u00e9phone :<strong><mark style=\"background-color:rgba(0, 0, 0, 0)\" class=\"has-inline-color has-vivid-red-color\"> +33 6 16 47 47 26.<\/mark><\/strong> Etant souvent en rendez-vous je vous remercie de me laisser un message ou m\u00eame de pr\u00e9f\u00e9rence un SMS avec vos noms et coordonn\u00e9es ainsi que l&rsquo;objet de votre appel.<\/li>\n<\/ul>\n\n\n\n<p><\/p>\n\n\n\n<p><a href=\"http:\/\/www.philgoodnrj.com\">Retour<\/a><\/p>\n\n\n\n<p><\/p>\n","protected":false},"excerpt":{"rendered":"<p>R\u00e9servez pour un soin : Prenez rendez-vous directement sur ma page Cfix\u00e9 R\u00e9servez votre place pour un atelier Taichi Qi Gong: Merci de privil\u00e9gier le syst\u00e8me de r\u00e9servation en ligne. Si vous avez des questions, vous pouvez me joindre : Retour<\/p>\n","protected":false},"author":1,"featured_media":0,"parent":0,"menu_order":0,"comment_status":"closed","ping_status":"closed","template":"","meta":{"om_disable_all_campaigns":false,"_monsterinsights_skip_tracking":false,"_monsterinsights_sitenote_active":false,"_monsterinsights_sitenote_note":"","_monsterinsights_sitenote_category":0,"_uf_show_specific_survey":0,"_uf_disable_surveys":false,"footnotes":""},"class_list":["post-65","page","type-page","status-publish","hentry"],"aioseo_notices":[],"_links":{"self":[{"href":"https:\/\/philgoodnrj.com\/index.php\/wp-json\/wp\/v2\/pages\/65","targetHints":{"allow":["GET"]}}],"collection":[{"href":"https:\/\/philgoodnrj.com\/index.php\/wp-json\/wp\/v2\/pages"}],"about":[{"href":"https:\/\/philgoodnrj.com\/index.php\/wp-json\/wp\/v2\/types\/page"}],"author":[{"embeddable":true,"href":"https:\/\/philgoodnrj.com\/index.php\/wp-json\/wp\/v2\/users\/1"}],"replies":[{"embeddable":true,"href":"https:\/\/philgoodnrj.com\/index.php\/wp-json\/wp\/v2\/comments?post=65"}],"version-history":[{"count":22,"href":"https:\/\/philgoodnrj.com\/index.php\/wp-json\/wp\/v2\/pages\/65\/revisions"}],"predecessor-version":[{"id":952,"href":"https:\/\/philgoodnrj.com\/index.php\/wp-json\/wp\/v2\/pages\/65\/revisions\/952"}],"wp:attachment":[{"href":"https:\/\/philgoodnrj.com\/index.php\/wp-json\/wp\/v2\/media?parent=65"}],"curies":[{"name":"wp","href":"https:\/\/api.w.org\/{rel}","templated":true}]}}