{"id":66,"date":"2024-05-27T15:16:11","date_gmt":"2024-05-27T13:16:11","guid":{"rendered":"https:\/\/philgoodnrj.com\/?page_id=66"},"modified":"2025-03-13T17:42:14","modified_gmt":"2025-03-13T16:42:14","slug":"vibration-tissulaire","status":"publish","type":"page","link":"https:\/\/philgoodnrj.com\/index.php\/vibration-tissulaire\/","title":{"rendered":"Vibration Tissulaire"},"content":{"rendered":"\n<figure class=\"wp-block-image size-full is-resized\"><img loading=\"lazy\" decoding=\"async\" width=\"123\" height=\"96\" src=\"https:\/\/philgoodnrj.com\/wp-content\/uploads\/2025\/01\/image.png\" alt=\"\" class=\"wp-image-659\" style=\"width:221px;height:auto\"\/><\/figure>\n\n\n\n<p>La Vibration Tissulaire, d\u00e9velopp\u00e9e par&nbsp;<strong>Gilles Bonne<\/strong>&nbsp;&#8211; ost\u00e9opathe\/kin\u00e9sith\u00e9rapeute, est le r\u00e9sultat de la combinaison de disciplines ancestrales de diff\u00e9rentes origines<strong>.<\/strong>&nbsp;<\/p>\n\n\n\n<p>Non invasive, la vibration tissulaire repose sur la n\u00e9cessit\u00e9 de toujours traiter le corps<strong>&nbsp;dans sa globalit\u00e9<\/strong> quel que soit la probl\u00e9matique de d\u00e9part (canal carpien, entorse, douleurs lombaires ou cervicales, &#8230;) pour retrouver&nbsp;<strong>un \u00e9quilibre et une harmonie des tissus.<\/strong>&nbsp;<\/p>\n\n\n\n<p>Elle repose \u00e9galement sur le principe de&nbsp;<strong>m\u00e9morisation des tissus<\/strong>. Ainsi, le travail est effectu\u00e9 sur la peau et par l&rsquo;interm\u00e9diaire du tissu conjonctif, va envoyer une&nbsp;<strong>information r\u00e9flexe&nbsp;<\/strong>qui permettra au corps de retrouver ses \u00e9quilibres physiques initiaux. <\/p>\n\n\n\n<p>Lorsque l&rsquo;\u00e9nergie stagne dans le corps, elle cr\u00e9e un blocage qui lui-m\u00eame provoque une douleur.&nbsp; En faisant vibrer les tissus, l&rsquo;\u00e9nergie&nbsp;<strong>circule \u00e0 nouveau librement dans les m\u00e9ridiens tendino-musculaires et lib\u00e8re ainsi les douleurs musculaires et articulaires.<\/strong><\/p>\n\n\n\n<p>Cette m\u00e9thode pour d\u00e9nouer les tissus est indiqu\u00e9e pour traiter toutes sortes d&rsquo;affections, aig\u00fces ou chroniques: entorse, p\u00e9riarthrite, capsulite, sciatique, arthrose de la hanche, arthrose du pouce, affection du canal carpien etc., ainsi que pour soulager le stress et att\u00e9nuer les douleurs caus\u00e9es par les maladies chroniques. Elle peut se pratiquer sur tout le monde, du plus jeune au moins jeune : il suffit de doser l&rsquo;intensit\u00e9 du geste en fonction de l&rsquo;\u00e2ge du client et l&rsquo;\u00e9tat des tissus. C&rsquo;est une m\u00e9thode de reboutement pouvant vraiment donner des r\u00e9sultats spectaculaires dans un intervalle de temps assez r\u00e9duit.<\/p>\n\n\n\n<p><\/p>\n\n\n\n<p><\/p>\n\n\n\n<h2 class=\"wp-block-heading\"><mark style=\"background-color:rgba(0, 0, 0, 0);color:#649520\" class=\"has-inline-color\">D\u00e9roul\u00e9 d&rsquo;une s\u00e9ance<\/mark><\/h2>\n\n\n\n<p>Une s\u00e9ance de vibration tissulaire dure environ 30 minutes. Elle se pratique debout\/assis et habill\u00e9 de fa\u00e7on confortable avec si possible des v\u00eatements non \u00e9pais et en coton.\u200b<\/p>\n\n\n\n<p>Pour un r\u00e9sultat optimum, il est pr\u00e9f\u00e9rable d&rsquo;\u00e9viter toute activit\u00e9 intense (sport, m\u00e9nage,&#8230;) pendant les 3 \u00e0 7 jours qui suivent la s\u00e9ance.\u200b<\/p>\n\n\n\n<p>Selon la(les) probl\u00e9matique(s) rencontr\u00e9e(s), 2 s\u00e9ances compl\u00e9mentaires espac\u00e9es de 1 mois peuvent \u00eatre n\u00e9cessaires.&nbsp;<\/p>\n\n\n\n<p><\/p>\n\n\n\n<h2 class=\"wp-block-heading\"><mark style=\"background-color:rgba(0, 0, 0, 0);color:#649520\" class=\"has-inline-color\">Quand une s\u00e9ance de vibration tissulaire est-elle conseill\u00e9e?<\/mark><\/h2>\n\n\n\n<p>Cette technique est particuli\u00e8rement indiqu\u00e9e en cas de :<\/p>\n\n\n\n<ul class=\"wp-block-list\">\n<li>Troubles fonctionnels (vertiges, insomnies, &#8230;),<\/li>\n\n\n\n<li>C\u00e9phal\u00e9es &amp; migraines,<\/li>\n\n\n\n<li>Douleurs physiques &amp; articulaires (entorse, lumbago, sciatique, tendinite, douleurs cervicales, torticolis, &#8230;),<\/li>\n<\/ul>\n\n\n\n<p>Cette technique est d&rsquo;autant plus efficace qu&rsquo;elle est pratiqu\u00e9e rapidement apr\u00e8s l&rsquo;apparition de la douleur. <\/p>\n\n\n\n<p><\/p>\n\n\n\n<p><strong><mark style=\"background-color:rgba(0, 0, 0, 0)\" class=\"has-inline-color has-vivid-red-color\">Nombre de s\u00e9ances<\/mark><\/strong><\/p>\n\n\n\n<p>Si la douleur est aig\u00fce et r\u00e9cente, une seule s\u00e9ance peut suffire. <\/p>\n\n\n\n<p>Sinon, une deuxi\u00e8me s\u00e9ance peut \u00eatre n\u00e9cessaire apr\u00e8s un mois.<\/p>\n\n\n\n<p>Dans le cas d&rsquo;une douleur install\u00e9e depuis longtemps, il faut parfois envisager 2 voire 3 s\u00e9ances maximum pour changer quelque chose, chaque s\u00e9ance devant \u00eatre espac\u00e9e d&rsquo;un mois environ.  <\/p>\n\n\n\n<p><\/p>\n\n\n\n<p><\/p>\n\n\n\n<p><strong><mark style=\"background-color:rgba(0, 0, 0, 0)\" class=\"has-inline-color has-vivid-red-color\">Premi\u00e8re consultation<\/mark> <\/strong><\/p>\n\n\n\n<p>Dur\u00e9e : 45 mn<\/p>\n\n\n\n<p>Tarif : 50\u20ac<\/p>\n\n\n\n<p><strong><mark style=\"background-color:rgba(0, 0, 0, 0)\" class=\"has-inline-color has-vivid-red-color\">Rendez-vous ult\u00e9rieurs<\/mark> <\/strong><\/p>\n\n\n\n<p>Dur\u00e9e : 30 mn<\/p>\n\n\n\n<p>Tarif : 35\u20ac<\/p>\n\n\n\n<p><\/p>\n\n\n\n<p><strong>Ne restez pas avec vos douleurs<\/strong> : <a href=\"https:\/\/philgoodnrj.com\/index.php\/prendre-rendez-vous\/\" data-type=\"link\" data-id=\"https:\/\/philgoodnrj.com\/index.php\/prendre-rendez-vous\/\"><strong>prenez rendez-vous!<\/strong><\/a><\/p>\n\n\n\n<p><\/p>\n\n\n\n<p><a href=\"https:\/\/philgoodnrj.com\/index.php\/soins-proposes\/\" data-type=\"page\" data-id=\"62\">Retour<\/a><\/p>\n\n\n\n<p><\/p>\n","protected":false},"excerpt":{"rendered":"<p>La Vibration Tissulaire, d\u00e9velopp\u00e9e par&nbsp;Gilles Bonne&nbsp;&#8211; ost\u00e9opathe\/kin\u00e9sith\u00e9rapeute, est le r\u00e9sultat de la combinaison de disciplines ancestrales de diff\u00e9rentes origines.&nbsp; Non invasive, la vibration tissulaire repose sur la n\u00e9cessit\u00e9 de toujours traiter le corps&nbsp;dans sa globalit\u00e9 quel que soit la probl\u00e9matique de d\u00e9part (canal carpien, entorse, douleurs lombaires ou cervicales, &#8230;) pour retrouver&nbsp;un \u00e9quilibre et une [&hellip;]<\/p>\n","protected":false},"author":1,"featured_media":0,"parent":0,"menu_order":0,"comment_status":"closed","ping_status":"closed","template":"","meta":{"om_disable_all_campaigns":false,"_monsterinsights_skip_tracking":false,"_monsterinsights_sitenote_active":false,"_monsterinsights_sitenote_note":"","_monsterinsights_sitenote_category":0,"_uf_show_specific_survey":0,"_uf_disable_surveys":false,"footnotes":""},"class_list":["post-66","page","type-page","status-publish","hentry"],"aioseo_notices":[],"_links":{"self":[{"href":"https:\/\/philgoodnrj.com\/index.php\/wp-json\/wp\/v2\/pages\/66","targetHints":{"allow":["GET"]}}],"collection":[{"href":"https:\/\/philgoodnrj.com\/index.php\/wp-json\/wp\/v2\/pages"}],"about":[{"href":"https:\/\/philgoodnrj.com\/index.php\/wp-json\/wp\/v2\/types\/page"}],"author":[{"embeddable":true,"href":"https:\/\/philgoodnrj.com\/index.php\/wp-json\/wp\/v2\/users\/1"}],"replies":[{"embeddable":true,"href":"https:\/\/philgoodnrj.com\/index.php\/wp-json\/wp\/v2\/comments?post=66"}],"version-history":[{"count":17,"href":"https:\/\/philgoodnrj.com\/index.php\/wp-json\/wp\/v2\/pages\/66\/revisions"}],"predecessor-version":[{"id":744,"href":"https:\/\/philgoodnrj.com\/index.php\/wp-json\/wp\/v2\/pages\/66\/revisions\/744"}],"wp:attachment":[{"href":"https:\/\/philgoodnrj.com\/index.php\/wp-json\/wp\/v2\/media?parent=66"}],"curies":[{"name":"wp","href":"https:\/\/api.w.org\/{rel}","templated":true}]}}