{"id":81,"date":"2024-05-27T15:19:18","date_gmt":"2024-05-27T13:19:18","guid":{"rendered":"https:\/\/philgoodnrj.com\/?page_id=81"},"modified":"2025-03-13T17:40:21","modified_gmt":"2025-03-13T16:40:21","slug":"mentions-legales","status":"publish","type":"page","link":"https:\/\/philgoodnrj.com\/index.php\/mentions-legales\/","title":{"rendered":"Mentions l\u00e9gales"},"content":{"rendered":"\n<p>Phil Good NRJ est une entreprise individuelle immatricul\u00e9e au r\u00e9pertoire des entreprises sous le num\u00e9ro 453345761. <\/p>\n\n\n\n<p>Le si\u00e8ge social est situ\u00e9 au 79 route de Sartrouville 78230 LE PECQ.<\/p>\n\n\n\n<p><\/p>\n\n\n\n<p>Son activit\u00e9 rel\u00e8ve du code APE 9609Z : activit\u00e9s de services \/ social et sant\u00e9 \/ sant\u00e9 humaine<\/p>\n\n\n\n<p><\/p>\n\n\n\n<p>Contact : philgoodnrj@gmail.com<\/p>\n\n\n\n<p><\/p>\n\n\n\n<p>Ce site est h\u00e9berg\u00e9 par OVH Cloud, 2 rue Kellermann \u2013 BP 80157 59053 ROUBAIX CEDEX 1, t\u00e9l\u00e9phone +33 9 72 10 10 07<\/p>\n\n\n\n<p><\/p>\n\n\n\n<p>.<\/p>\n\n\n\n<p><\/p>\n","protected":false},"excerpt":{"rendered":"<p>Phil Good NRJ est une entreprise individuelle immatricul\u00e9e au r\u00e9pertoire des entreprises sous le num\u00e9ro 453345761. Le si\u00e8ge social est situ\u00e9 au 79 route de Sartrouville 78230 LE PECQ. Son activit\u00e9 rel\u00e8ve du code APE 9609Z : activit\u00e9s de services \/ social et sant\u00e9 \/ sant\u00e9 humaine Contact : philgoodnrj@gmail.com Ce site est h\u00e9berg\u00e9 par [&hellip;]<\/p>\n","protected":false},"author":1,"featured_media":0,"parent":0,"menu_order":0,"comment_status":"closed","ping_status":"closed","template":"","meta":{"om_disable_all_campaigns":false,"_monsterinsights_skip_tracking":false,"_monsterinsights_sitenote_active":false,"_monsterinsights_sitenote_note":"","_monsterinsights_sitenote_category":0,"_uf_show_specific_survey":0,"_uf_disable_surveys":false,"footnotes":""},"class_list":["post-81","page","type-page","status-publish","hentry"],"aioseo_notices":[],"_links":{"self":[{"href":"https:\/\/philgoodnrj.com\/index.php\/wp-json\/wp\/v2\/pages\/81","targetHints":{"allow":["GET"]}}],"collection":[{"href":"https:\/\/philgoodnrj.com\/index.php\/wp-json\/wp\/v2\/pages"}],"about":[{"href":"https:\/\/philgoodnrj.com\/index.php\/wp-json\/wp\/v2\/types\/page"}],"author":[{"embeddable":true,"href":"https:\/\/philgoodnrj.com\/index.php\/wp-json\/wp\/v2\/users\/1"}],"replies":[{"embeddable":true,"href":"https:\/\/philgoodnrj.com\/index.php\/wp-json\/wp\/v2\/comments?post=81"}],"version-history":[{"count":2,"href":"https:\/\/philgoodnrj.com\/index.php\/wp-json\/wp\/v2\/pages\/81\/revisions"}],"predecessor-version":[{"id":629,"href":"https:\/\/philgoodnrj.com\/index.php\/wp-json\/wp\/v2\/pages\/81\/revisions\/629"}],"wp:attachment":[{"href":"https:\/\/philgoodnrj.com\/index.php\/wp-json\/wp\/v2\/media?parent=81"}],"curies":[{"name":"wp","href":"https:\/\/api.w.org\/{rel}","templated":true}]}}