{"id":818,"date":"2025-03-08T19:04:29","date_gmt":"2025-03-08T18:04:29","guid":{"rendered":"https:\/\/philgoodnrj.com\/?page_id=818"},"modified":"2025-03-13T17:58:10","modified_gmt":"2025-03-13T16:58:10","slug":"bienvenue-chez-phil-good-votre-praticien-bien-etre","status":"publish","type":"page","link":"https:\/\/philgoodnrj.com\/","title":{"rendered":"Bienvenue chez Phil Good, votre praticien bien-\u00eatre"},"content":{"rendered":"\n<p><\/p>\n\n\n\n<p class=\"has-text-align-center\"><mark style=\"background-color:rgba(0, 0, 0, 0)\" class=\"has-inline-color has-vivid-red-color\"><strong>Manque de tonus ? Sommeil difficile et non r\u00e9parateur ?<\/strong><\/mark><\/p>\n\n\n\n<p class=\"has-text-align-center\"><mark style=\"background-color:rgba(0, 0, 0, 0)\" class=\"has-inline-color has-vivid-red-color\"><strong>Digestion diificile ? Remont\u00e9es acides ?<\/strong> <strong>Intol\u00e9rances alimentaires ?<\/strong><\/mark><br><mark style=\"background-color:rgba(0, 0, 0, 0)\" class=\"has-inline-color has-vivid-red-color\"><strong>Crises de panique ? Stress important ?<\/strong> <\/mark><br><mark style=\"background-color:rgba(0, 0, 0, 0)\" class=\"has-inline-color has-vivid-red-color\"><strong>Douleurs aig\u00fces ? Douleurs chroniques ?<\/strong> <strong>Tendinites ? Entorses ?<\/strong><\/mark><\/p>\n\n\n\n<p><\/p>\n\n\n\n<p><strong>Ce n&rsquo;est pas une fatalit\u00e9 ! Soyez acteur (actrice) de votre mieux-\u00eatre <\/strong>!<\/p>\n\n\n\n<p><\/p>\n\n\n\n<p><\/p>\n\n\n\n<p>Je vous propose&nbsp;diff\u00e9rents <a href=\"https:\/\/philgoodnrj.com\/index.php\/soins-proposes\/\">soins et massages<\/a> inspir\u00e9s des <strong><mark style=\"background-color:rgba(0, 0, 0, 0)\" class=\"has-inline-color has-vivid-red-color\">traditions chinoises et indo-tib\u00e9taines<\/mark><\/strong>, pour vous accompagner dans votre qu\u00eate de bien-\u00eatre global, en consid\u00e9rant le corps, l\u2019esprit et l\u2019\u00e9nergie vitale comme un tout indissociable.<\/p>\n\n\n\n<p><\/p>\n\n\n\n<p>J&rsquo;adapte mes soins \u00e0 vos besoins du moment, que vous cherchiez \u00e0 <strong>soulager des douleurs physiques<\/strong>, \u00e0 <strong>lib\u00e9rer&nbsp;des \u00e9motions<\/strong>, \u00e0 <strong>r\u00e9duire le stress<\/strong> ou \u00e0 <strong>r\u00e9\u00e9quilibrer votre \u00e9nergie vitale<\/strong>.<\/p>\n\n\n\n<p><\/p>\n\n\n\n<p>Je vous re\u00e7ois dans un cadre apaisant et professionnel, au sein d\u2019un cabinet d\u00e9di\u00e9 au bien-\u00eatre, \u00e0 Rueil-Malmaison et \u00e0 Croissy.<\/p>\n\n\n\n<p><\/p>\n\n\n\n<p><a href=\"https:\/\/philgoodnrj.com\/index.php\/a-propos-de-moi\/\" title=\"En savoir plus sur moi ?\">En savoir plus sur moi ?<\/a><\/p>\n\n\n\n<p><\/p>\n","protected":false},"excerpt":{"rendered":"<p>Manque de tonus ? Sommeil difficile et non r\u00e9parateur ? Digestion diificile ? Remont\u00e9es acides ? Intol\u00e9rances alimentaires ?Crises de panique ? Stress important ? Douleurs aig\u00fces ? Douleurs chroniques ? Tendinites ? Entorses ? Ce n&rsquo;est pas une fatalit\u00e9 ! Soyez acteur (actrice) de votre mieux-\u00eatre ! Je vous propose&nbsp;diff\u00e9rents soins et massages inspir\u00e9s [&hellip;]<\/p>\n","protected":false},"author":1,"featured_media":0,"parent":0,"menu_order":0,"comment_status":"closed","ping_status":"closed","template":"","meta":{"om_disable_all_campaigns":false,"_monsterinsights_skip_tracking":false,"_monsterinsights_sitenote_active":false,"_monsterinsights_sitenote_note":"","_monsterinsights_sitenote_category":0,"_uf_show_specific_survey":0,"_uf_disable_surveys":false,"footnotes":""},"class_list":["post-818","page","type-page","status-publish","hentry"],"aioseo_notices":[],"_links":{"self":[{"href":"https:\/\/philgoodnrj.com\/index.php\/wp-json\/wp\/v2\/pages\/818","targetHints":{"allow":["GET"]}}],"collection":[{"href":"https:\/\/philgoodnrj.com\/index.php\/wp-json\/wp\/v2\/pages"}],"about":[{"href":"https:\/\/philgoodnrj.com\/index.php\/wp-json\/wp\/v2\/types\/page"}],"author":[{"embeddable":true,"href":"https:\/\/philgoodnrj.com\/index.php\/wp-json\/wp\/v2\/users\/1"}],"replies":[{"embeddable":true,"href":"https:\/\/philgoodnrj.com\/index.php\/wp-json\/wp\/v2\/comments?post=818"}],"version-history":[{"count":9,"href":"https:\/\/philgoodnrj.com\/index.php\/wp-json\/wp\/v2\/pages\/818\/revisions"}],"predecessor-version":[{"id":837,"href":"https:\/\/philgoodnrj.com\/index.php\/wp-json\/wp\/v2\/pages\/818\/revisions\/837"}],"wp:attachment":[{"href":"https:\/\/philgoodnrj.com\/index.php\/wp-json\/wp\/v2\/media?parent=818"}],"curies":[{"name":"wp","href":"https:\/\/api.w.org\/{rel}","templated":true}]}}