{"id":993,"date":"2026-01-26T15:57:01","date_gmt":"2026-01-26T14:57:01","guid":{"rendered":"https:\/\/philgoodnrj.com\/?page_id=993"},"modified":"2026-01-26T15:57:01","modified_gmt":"2026-01-26T14:57:01","slug":"massage-californien","status":"publish","type":"page","link":"https:\/\/philgoodnrj.com\/index.php\/massage-californien\/","title":{"rendered":"Massage californien"},"content":{"rendered":"\n<p><\/p>\n\n\n\n<p>Je suis ravi de vous pr\u00e9senter le&nbsp;<strong>massage californien<\/strong>, une exp\u00e9rience unique qui allie relaxation profonde et revitalisation du corps. N\u00e9 en Californie dans les ann\u00e9es 70, ce massage s\u2019inspire de techniques su\u00e9doises et hawa\u00efennes, offrant ainsi un v\u00e9ritable moment d\u2019\u00e9vasion pour apaiser \u00e0 la fois le corps et l\u2019esprit.<\/p>\n\n\n\n<p><\/p>\n\n\n\n<p>Au c\u0153ur de ma pratique, je mets en avant une approche personnalis\u00e9e, combinant ma formation en&nbsp;<strong>massage californien<\/strong>&nbsp;\u00e0 celle en \u00e9nerg\u00e9tique traditionnelle chinoise. Gr\u00e2ce \u00e0 une ma\u00eetrise des techniques de massage et des principes \u00e9nerg\u00e9tiques, je m&rsquo;assure de r\u00e9pondre \u00e0 vos besoins sp\u00e9cifiques, que vous soyez un athl\u00e8te cherchant \u00e0 acc\u00e9l\u00e9rer votre r\u00e9cup\u00e9ration apr\u00e8s un marathon ou simplement une personne souhaitant d\u00e9connecter du quotidien.<\/p>\n\n\n\n<p><\/p>\n\n\n\n<p>En choisissant&nbsp;<strong>Phil Good NRJ<\/strong>&nbsp;\u00e0&nbsp;<strong>Croissy-sur-Seine<\/strong>&nbsp;ou&nbsp;<strong>Rueil-Malmaison<\/strong>, vous b\u00e9n\u00e9ficiez d\u2019un service qui va au-del\u00e0 d\u2019un simple massage. C\u2019est un v\u00e9ritable voyage int\u00e9rieur, une invitation \u00e0 prendre soin de vous, \u00e0 l\u00e2cher prise et \u00e0 vous ressourcer. Je suis ici pour vous accompagner sur ce chemin, en m\u2019assurant que chaque s\u00e9ance soit adapt\u00e9e \u00e0 vos besoins uniques.<\/p>\n\n\n\n<p>Je vous invite \u00e0 faire le premier pas vers un bien-\u00eatre durable. Contactez-moi d\u00e8s aujourd&rsquo;hui pour r\u00e9server votre s\u00e9ance de&nbsp;<strong>massage californien<\/strong>&nbsp;et d\u00e9couvrez par vous-m\u00eame l&rsquo;exp\u00e9rience apaisante que je propose. Votre corps et votre esprit vous remercieront !<\/p>\n\n\n\n<p><\/p>\n\n\n\n<p><strong>Techniques du massage californien<br><\/strong>Le massage californien se distingue par ses&nbsp;<strong>mouvements enveloppants et fluides, r\u00e9alis\u00e9s avec de l\u2019huile sur l\u2019ensemble du corps&nbsp;<\/strong>(face dorsale et ventrale). Chaque geste est pens\u00e9 pour relancer la circulation sanguine et lymphatique, tout en apportant une d\u00e9tente profonde. Ce massage a pour but de soulager les tensions musculaires, diminuer le stress et l\u2019anxi\u00e9t\u00e9, et am\u00e9liorer la qualit\u00e9 de votre sommeil. Imaginez-vous dans un \u00e9tat de relaxation o\u00f9 chaque pression, chaque \u00e9tirement, vous reconnecte \u00e0 votre corps et r\u00e9veille votre vitalit\u00e9.<\/p>\n\n\n\n<p><\/p>\n\n\n\n<p><strong>Bienfaits du massage californien<\/strong><br>Les bienfaits sont nombreux : vous ressentirez une souplesse accrue, une meilleure perception de votre sch\u00e9ma corporel et une sensation de l\u00e9g\u00e8ret\u00e9. De plus, en tant qu\u2019\u00e9nerg\u00e9ticien, je suis capable d\u2019int\u00e9grer des \u00e9l\u00e9ments de massages chinois pour \u00e9quilibrer vos \u00e9nergies et \u00e9liminer les toxines, vous offrant ainsi un teint \u00e9clatant et une revitalisation en profondeur.<\/p>\n\n\n\n<p><\/p>\n\n\n\n<p><strong>Huiles de massage<br><\/strong>Les huiles de massage sont importantes car elles doivent \u00eatre en accord avec l\u2019esprit qui gouverne la pratique.<\/p>\n\n\n\n<p>Form\u00e9 \u00e0 l\u2019aromath\u00e9rapie et l\u2019utilisation des huiles v\u00e9g\u00e9tales,&nbsp;<strong>je n\u2019utilise que des huiles bio, vierges, premi\u00e8re pression \u00e0 froid<\/strong>.<\/p>\n\n\n\n<p>Sur cette base d\u2019huiles nourrissantes et r\u00e9paratrices, j\u2019y ajoute en fonction des besoins de clients des huiles essentielles bio en fonction de l\u2019objectif souhait\u00e9 :<\/p>\n\n\n\n<ul class=\"wp-block-list\">\n<li>Un massage apaisant, relaxant<\/li>\n\n\n\n<li>Un massage plus tonifiant<\/li>\n\n\n\n<li>Un massage anti-douleurs pour certaines zones cibl\u00e9es<\/li>\n<\/ul>\n\n\n\n<p>Les huiles v\u00e9g\u00e9tales comme les huiles essentielles sont issues de laboratoires fran\u00e7ais.<br>Pensez \u00e0 signaler si vous avez des allergies pour que j&rsquo;utilise une huile totalement neutre qui vous convienne.<\/p>\n\n\n\n<p><\/p>\n\n\n\n<p><a href=\"https:\/\/philgoodnrj.com\/index.php\/prendre-rendez-vous\/\" target=\"_blank\" rel=\"noopener\" title=\"R\u00e9servez maintenant votre massage californien \ud83d\ude00!\">R\u00e9servez maintenant votre massage californien \ud83d\ude00!<\/a> <\/p>\n\n\n\n<p> <\/p>\n\n\n\n<p><\/p>\n","protected":false},"excerpt":{"rendered":"<p>Je suis ravi de vous pr\u00e9senter le&nbsp;massage californien, une exp\u00e9rience unique qui allie relaxation profonde et revitalisation du corps. N\u00e9 en Californie dans les ann\u00e9es 70, ce massage s\u2019inspire de techniques su\u00e9doises et hawa\u00efennes, offrant ainsi un v\u00e9ritable moment d\u2019\u00e9vasion pour apaiser \u00e0 la fois le corps et l\u2019esprit. Au c\u0153ur de ma pratique, je [&hellip;]<\/p>\n","protected":false},"author":1,"featured_media":0,"parent":0,"menu_order":0,"comment_status":"closed","ping_status":"closed","template":"","meta":{"om_disable_all_campaigns":false,"_monsterinsights_skip_tracking":false,"_monsterinsights_sitenote_active":false,"_monsterinsights_sitenote_note":"","_monsterinsights_sitenote_category":0,"_uf_show_specific_survey":0,"_uf_disable_surveys":false,"footnotes":""},"class_list":["post-993","page","type-page","status-publish","hentry"],"aioseo_notices":[],"_links":{"self":[{"href":"https:\/\/philgoodnrj.com\/index.php\/wp-json\/wp\/v2\/pages\/993","targetHints":{"allow":["GET"]}}],"collection":[{"href":"https:\/\/philgoodnrj.com\/index.php\/wp-json\/wp\/v2\/pages"}],"about":[{"href":"https:\/\/philgoodnrj.com\/index.php\/wp-json\/wp\/v2\/types\/page"}],"author":[{"embeddable":true,"href":"https:\/\/philgoodnrj.com\/index.php\/wp-json\/wp\/v2\/users\/1"}],"replies":[{"embeddable":true,"href":"https:\/\/philgoodnrj.com\/index.php\/wp-json\/wp\/v2\/comments?post=993"}],"version-history":[{"count":2,"href":"https:\/\/philgoodnrj.com\/index.php\/wp-json\/wp\/v2\/pages\/993\/revisions"}],"predecessor-version":[{"id":995,"href":"https:\/\/philgoodnrj.com\/index.php\/wp-json\/wp\/v2\/pages\/993\/revisions\/995"}],"wp:attachment":[{"href":"https:\/\/philgoodnrj.com\/index.php\/wp-json\/wp\/v2\/media?parent=993"}],"curies":[{"name":"wp","href":"https:\/\/api.w.org\/{rel}","templated":true}]}}